{"id":1092,"date":"2026-04-06T13:20:19","date_gmt":"2026-04-06T13:20:19","guid":{"rendered":"https:\/\/rafaeleide.com\/?page_id=1092"},"modified":"2026-04-13T20:06:15","modified_gmt":"2026-04-13T20:06:15","slug":"test-grille","status":"publish","type":"page","link":"https:\/\/rafaeleide.com\/index.php\/test-grille\/","title":{"rendered":"Les orchid\u00e9es du Jardin des Plantes"},"content":{"rendered":"\t\t<div data-elementor-type=\"wp-page\" data-elementor-id=\"1092\" class=\"elementor elementor-1092\">\n\t\t\t\t<div class=\"elementor-element elementor-element-b620fb2 e-transform e-flex e-con-boxed e-con e-parent\" data-id=\"b620fb2\" data-element_type=\"container\" data-e-type=\"container\" data-settings=\"{&quot;_transform_translateX_effect_mobile&quot;:{&quot;unit&quot;:&quot;px&quot;,&quot;size&quot;:-218,&quot;sizes&quot;:[]},&quot;_transform_translateX_effect&quot;:{&quot;unit&quot;:&quot;px&quot;,&quot;size&quot;:&quot;&quot;,&quot;sizes&quot;:[]},&quot;_transform_translateX_effect_tablet&quot;:{&quot;unit&quot;:&quot;px&quot;,&quot;size&quot;:&quot;&quot;,&quot;sizes&quot;:[]},&quot;_transform_translateY_effect&quot;:{&quot;unit&quot;:&quot;px&quot;,&quot;size&quot;:&quot;&quot;,&quot;sizes&quot;:[]},&quot;_transform_translateY_effect_tablet&quot;:{&quot;unit&quot;:&quot;px&quot;,&quot;size&quot;:&quot;&quot;,&quot;sizes&quot;:[]},&quot;_transform_translateY_effect_mobile&quot;:{&quot;unit&quot;:&quot;px&quot;,&quot;size&quot;:&quot;&quot;,&quot;sizes&quot;:[]}}\">\n\t\t\t\t\t<div class=\"e-con-inner\">\n\t\t<div class=\"elementor-element elementor-element-cad6528 e-grid e-transform e-transform e-con-boxed e-con e-child\" data-id=\"cad6528\" data-element_type=\"container\" data-e-type=\"container\" data-settings=\"{&quot;_transform_translateX_effect&quot;:{&quot;unit&quot;:&quot;px&quot;,&quot;size&quot;:220,&quot;sizes&quot;:[]},&quot;_transform_scale_effect&quot;:{&quot;unit&quot;:&quot;px&quot;,&quot;size&quot;:0.7,&quot;sizes&quot;:[]},&quot;_transform_translateX_effect_tablet&quot;:{&quot;unit&quot;:&quot;px&quot;,&quot;size&quot;:&quot;&quot;,&quot;sizes&quot;:[]},&quot;_transform_translateX_effect_mobile&quot;:{&quot;unit&quot;:&quot;px&quot;,&quot;size&quot;:&quot;&quot;,&quot;sizes&quot;:[]},&quot;_transform_translateY_effect&quot;:{&quot;unit&quot;:&quot;px&quot;,&quot;size&quot;:&quot;&quot;,&quot;sizes&quot;:[]},&quot;_transform_translateY_effect_tablet&quot;:{&quot;unit&quot;:&quot;px&quot;,&quot;size&quot;:&quot;&quot;,&quot;sizes&quot;:[]},&quot;_transform_translateY_effect_mobile&quot;:{&quot;unit&quot;:&quot;px&quot;,&quot;size&quot;:&quot;&quot;,&quot;sizes&quot;:[]},&quot;_transform_scale_effect_tablet&quot;:{&quot;unit&quot;:&quot;px&quot;,&quot;size&quot;:&quot;&quot;,&quot;sizes&quot;:[]},&quot;_transform_scale_effect_mobile&quot;:{&quot;unit&quot;:&quot;px&quot;,&quot;size&quot;:&quot;&quot;,&quot;sizes&quot;:[]}}\">\n\t\t\t\t\t<div class=\"e-con-inner\">\n\t\t\t\t<div class=\"elementor-element elementor-element-8a529bd elementor-widget elementor-widget-image\" data-id=\"8a529bd\" data-element_type=\"widget\" data-e-type=\"widget\" data-widget_type=\"image.default\">\n\t\t\t\t\t\t\t\t\t\t\t\t\t\t\t<img fetchpriority=\"high\" decoding=\"async\" width=\"737\" height=\"1024\" src=\"https:\/\/rafaeleide.com\/wp-content\/uploads\/2026\/04\/Les-orchidees-du-Jardin-des-plantes-n\u00b01-737x1024.jpg\" class=\"attachment-large size-large wp-image-1143\" alt=\"\" srcset=\"https:\/\/rafaeleide.com\/wp-content\/uploads\/2026\/04\/Les-orchidees-du-Jardin-des-plantes-n\u00b01-737x1024.jpg 737w, https:\/\/rafaeleide.com\/wp-content\/uploads\/2026\/04\/Les-orchidees-du-Jardin-des-plantes-n\u00b01-216x300.jpg 216w, https:\/\/rafaeleide.com\/wp-content\/uploads\/2026\/04\/Les-orchidees-du-Jardin-des-plantes-n\u00b01-768x1068.jpg 768w, https:\/\/rafaeleide.com\/wp-content\/uploads\/2026\/04\/Les-orchidees-du-Jardin-des-plantes-n\u00b01-1105x1536.jpg 1105w, https:\/\/rafaeleide.com\/wp-content\/uploads\/2026\/04\/Les-orchidees-du-Jardin-des-plantes-n\u00b01.jpg 1240w\" sizes=\"(max-width: 737px) 100vw, 737px\" \/>\t\t\t\t\t\t\t\t\t\t\t\t\t\t\t<\/div>\n\t\t\t\t<div class=\"elementor-element elementor-element-02a7e7f e-transform elementor-widget elementor-widget-text-editor\" data-id=\"02a7e7f\" data-element_type=\"widget\" data-e-type=\"widget\" data-settings=\"{&quot;_transform_scale_effect&quot;:{&quot;unit&quot;:&quot;px&quot;,&quot;size&quot;:&quot;&quot;,&quot;sizes&quot;:[]},&quot;_transform_scale_effect_tablet&quot;:{&quot;unit&quot;:&quot;px&quot;,&quot;size&quot;:&quot;&quot;,&quot;sizes&quot;:[]},&quot;_transform_scale_effect_mobile&quot;:{&quot;unit&quot;:&quot;px&quot;,&quot;size&quot;:&quot;&quot;,&quot;sizes&quot;:[]}}\" data-widget_type=\"text-editor.default\">\n\t\t\t\t\t\t\t\t\t<p><span style=\"font-family: arial, helvetica, sans-serif; font-size: 12pt;\">Les orchid\u00e9es du Jardin des plantes<\/span><br \/><span style=\"font-family: arial, helvetica, sans-serif; font-size: 12pt;\">2017<br \/>61x 43cm<br \/>Gouache sur papier japonais Danxuan 30 g<\/span><\/p>\t\t\t\t\t\t\t\t<\/div>\n\t\t\t\t\t<\/div>\n\t\t\t\t<\/div>\n\t\t\t\t\t<\/div>\n\t\t\t\t<\/div>\n\t\t<div class=\"elementor-element elementor-element-70660ff e-flex e-con-boxed e-con e-parent\" data-id=\"70660ff\" data-element_type=\"container\" data-e-type=\"container\">\n\t\t\t\t\t<div class=\"e-con-inner\">\n\t\t\t\t<div class=\"elementor-element elementor-element-ff36364 e-transform elementor-arrows-position-inside elementor-pagination-position-outside elementor-widget elementor-widget-image-carousel\" data-id=\"ff36364\" data-element_type=\"widget\" data-e-type=\"widget\" data-settings=\"{&quot;image_spacing_custom&quot;:{&quot;unit&quot;:&quot;px&quot;,&quot;size&quot;:0,&quot;sizes&quot;:[]},&quot;navigation&quot;:&quot;both&quot;,&quot;autoplay&quot;:&quot;yes&quot;,&quot;pause_on_hover&quot;:&quot;yes&quot;,&quot;pause_on_interaction&quot;:&quot;yes&quot;,&quot;autoplay_speed&quot;:5000,&quot;infinite&quot;:&quot;yes&quot;,&quot;speed&quot;:500,&quot;image_spacing_custom_tablet&quot;:{&quot;unit&quot;:&quot;px&quot;,&quot;size&quot;:&quot;&quot;,&quot;sizes&quot;:[]},&quot;image_spacing_custom_mobile&quot;:{&quot;unit&quot;:&quot;px&quot;,&quot;size&quot;:&quot;&quot;,&quot;sizes&quot;:[]},&quot;_transform_scale_effect&quot;:{&quot;unit&quot;:&quot;px&quot;,&quot;size&quot;:&quot;&quot;,&quot;sizes&quot;:[]},&quot;_transform_scale_effect_tablet&quot;:{&quot;unit&quot;:&quot;px&quot;,&quot;size&quot;:&quot;&quot;,&quot;sizes&quot;:[]},&quot;_transform_scale_effect_mobile&quot;:{&quot;unit&quot;:&quot;px&quot;,&quot;size&quot;:&quot;&quot;,&quot;sizes&quot;:[]}}\" data-widget_type=\"image-carousel.default\">\n\t\t\t\t\t\t\t<div class=\"elementor-image-carousel-wrapper swiper\" role=\"region\" aria-roledescription=\"carousel\" aria-label=\"Carrousel d\u2019images\" dir=\"ltr\">\n\t\t\t<div class=\"elementor-image-carousel swiper-wrapper\" aria-live=\"off\">\n\t\t\t\t\t\t\t\t<div class=\"swiper-slide\" role=\"group\" aria-roledescription=\"slide\" aria-label=\"1 sur 7\"><a data-elementor-open-lightbox=\"yes\" data-elementor-lightbox-slideshow=\"ff36364\" data-elementor-lightbox-title=\"Les orchid\u00e9es du Jardin des plantes n\u00b01\" data-e-action-hash=\"#elementor-action%3Aaction%3Dlightbox%26settings%3DeyJpZCI6MTE0MywidXJsIjoiaHR0cHM6XC9cL3JhZmFlbGVpZGUuY29tXC93cC1jb250ZW50XC91cGxvYWRzXC8yMDI2XC8wNFwvTGVzLW9yY2hpZGVlcy1kdS1KYXJkaW4tZGVzLXBsYW50ZXMtblx1MDBiMDEuanBnIiwic2xpZGVzaG93IjoiZmYzNjM2NCJ9\" href=\"https:\/\/rafaeleide.com\/wp-content\/uploads\/2026\/04\/Les-orchidees-du-Jardin-des-plantes-n\u00b01.jpg\"><figure class=\"swiper-slide-inner\"><img decoding=\"async\" class=\"swiper-slide-image\" src=\"https:\/\/rafaeleide.com\/wp-content\/uploads\/2026\/04\/Les-orchidees-du-Jardin-des-plantes-n\u00b01-216x300.jpg\" alt=\"https:\/\/rafaeleide.com\/wp-content\/uploads\/2026\/04\/Les-orchidees-du-Jardin-des-plantes-n\u00b01\" \/><\/figure><\/a><\/div><div class=\"swiper-slide\" role=\"group\" aria-roledescription=\"slide\" aria-label=\"2 sur 7\"><a data-elementor-open-lightbox=\"yes\" data-elementor-lightbox-slideshow=\"ff36364\" data-elementor-lightbox-title=\"Les orchid\u00e9es du Jardin des plantes n\u00b02\" data-e-action-hash=\"#elementor-action%3Aaction%3Dlightbox%26settings%3DeyJpZCI6MTE0NCwidXJsIjoiaHR0cHM6XC9cL3JhZmFlbGVpZGUuY29tXC93cC1jb250ZW50XC91cGxvYWRzXC8yMDI2XC8wNFwvTGVzLW9yY2hpZGVlcy1kdS1KYXJkaW4tZGVzLXBsYW50ZXMtblx1MDBiMDIuanBnIiwic2xpZGVzaG93IjoiZmYzNjM2NCJ9\" href=\"https:\/\/rafaeleide.com\/wp-content\/uploads\/2026\/04\/Les-orchidees-du-Jardin-des-plantes-n\u00b02.jpg\"><figure class=\"swiper-slide-inner\"><img decoding=\"async\" class=\"swiper-slide-image\" src=\"https:\/\/rafaeleide.com\/wp-content\/uploads\/2026\/04\/Les-orchidees-du-Jardin-des-plantes-n\u00b02-212x300.jpg\" alt=\"Les orchid\u00e9es du Jardin des plantes n\u00b02\" \/><\/figure><\/a><\/div><div class=\"swiper-slide\" role=\"group\" aria-roledescription=\"slide\" aria-label=\"3 sur 7\"><a data-elementor-open-lightbox=\"yes\" data-elementor-lightbox-slideshow=\"ff36364\" data-elementor-lightbox-title=\"Les orchid\u00e9es du Jardin des plantes n\u00b03\" data-e-action-hash=\"#elementor-action%3Aaction%3Dlightbox%26settings%3DeyJpZCI6MTE0NSwidXJsIjoiaHR0cHM6XC9cL3JhZmFlbGVpZGUuY29tXC93cC1jb250ZW50XC91cGxvYWRzXC8yMDI2XC8wNFwvTGVzLW9yY2hpZGVlcy1kdS1KYXJkaW4tZGVzLXBsYW50ZXMtblx1MDBiMDMuanBnIiwic2xpZGVzaG93IjoiZmYzNjM2NCJ9\" href=\"https:\/\/rafaeleide.com\/wp-content\/uploads\/2026\/04\/Les-orchidees-du-Jardin-des-plantes-n\u00b03.jpg\"><figure class=\"swiper-slide-inner\"><img decoding=\"async\" class=\"swiper-slide-image\" src=\"https:\/\/rafaeleide.com\/wp-content\/uploads\/2026\/04\/Les-orchidees-du-Jardin-des-plantes-n\u00b03-213x300.jpg\" alt=\"Les orchid\u00e9es du Jardin des plantes n\u00b03\" \/><\/figure><\/a><\/div><div class=\"swiper-slide\" role=\"group\" aria-roledescription=\"slide\" aria-label=\"4 sur 7\"><a data-elementor-open-lightbox=\"yes\" data-elementor-lightbox-slideshow=\"ff36364\" data-elementor-lightbox-title=\"Les orchid\u00e9es du Jardin des plantes n\u00b04\" data-e-action-hash=\"#elementor-action%3Aaction%3Dlightbox%26settings%3DeyJpZCI6MTE0NiwidXJsIjoiaHR0cHM6XC9cL3JhZmFlbGVpZGUuY29tXC93cC1jb250ZW50XC91cGxvYWRzXC8yMDI2XC8wNFwvTGVzLW9yY2hpZGVlcy1kdS1KYXJkaW4tZGVzLXBsYW50ZXMtblx1MDBiMDQuanBnIiwic2xpZGVzaG93IjoiZmYzNjM2NCJ9\" href=\"https:\/\/rafaeleide.com\/wp-content\/uploads\/2026\/04\/Les-orchidees-du-Jardin-des-plantes-n\u00b04.jpg\"><figure class=\"swiper-slide-inner\"><img decoding=\"async\" class=\"swiper-slide-image\" src=\"https:\/\/rafaeleide.com\/wp-content\/uploads\/2026\/04\/Les-orchidees-du-Jardin-des-plantes-n\u00b04-214x300.jpg\" alt=\"Les orchid\u00e9es du Jardin des plantes n\u00b04\" \/><\/figure><\/a><\/div><div class=\"swiper-slide\" role=\"group\" aria-roledescription=\"slide\" aria-label=\"5 sur 7\"><a data-elementor-open-lightbox=\"yes\" data-elementor-lightbox-slideshow=\"ff36364\" data-elementor-lightbox-title=\"Les orchid\u00e9es du Jardin des plantes n\u00b05\" data-e-action-hash=\"#elementor-action%3Aaction%3Dlightbox%26settings%3DeyJpZCI6MTE0NywidXJsIjoiaHR0cHM6XC9cL3JhZmFlbGVpZGUuY29tXC93cC1jb250ZW50XC91cGxvYWRzXC8yMDI2XC8wNFwvTGVzLW9yY2hpZGVlcy1kdS1KYXJkaW4tZGVzLXBsYW50ZXMtblx1MDBiMDUuanBnIiwic2xpZGVzaG93IjoiZmYzNjM2NCJ9\" href=\"https:\/\/rafaeleide.com\/wp-content\/uploads\/2026\/04\/Les-orchidees-du-Jardin-des-plantes-n\u00b05.jpg\"><figure class=\"swiper-slide-inner\"><img decoding=\"async\" class=\"swiper-slide-image\" src=\"https:\/\/rafaeleide.com\/wp-content\/uploads\/2026\/04\/Les-orchidees-du-Jardin-des-plantes-n\u00b05-209x300.jpg\" alt=\"Les orchid\u00e9es du Jardin des plantes n\u00b05\" \/><\/figure><\/a><\/div><div class=\"swiper-slide\" role=\"group\" aria-roledescription=\"slide\" aria-label=\"6 sur 7\"><a data-elementor-open-lightbox=\"yes\" data-elementor-lightbox-slideshow=\"ff36364\" data-elementor-lightbox-title=\"Les orchid\u00e9es du Jardin des plantes n\u00b06\" data-e-action-hash=\"#elementor-action%3Aaction%3Dlightbox%26settings%3DeyJpZCI6MTE0OSwidXJsIjoiaHR0cHM6XC9cL3JhZmFlbGVpZGUuY29tXC93cC1jb250ZW50XC91cGxvYWRzXC8yMDI2XC8wNFwvTGVzLW9yY2hpZGVlcy1kdS1KYXJkaW4tZGVzLXBsYW50ZXMtblx1MDBiMDYuanBnIiwic2xpZGVzaG93IjoiZmYzNjM2NCJ9\" href=\"https:\/\/rafaeleide.com\/wp-content\/uploads\/2026\/04\/Les-orchidees-du-Jardin-des-plantes-n\u00b06.jpg\"><figure class=\"swiper-slide-inner\"><img decoding=\"async\" class=\"swiper-slide-image\" src=\"https:\/\/rafaeleide.com\/wp-content\/uploads\/2026\/04\/Les-orchidees-du-Jardin-des-plantes-n\u00b06-210x300.jpg\" alt=\"Les orchid\u00e9es du Jardin des plantes n\u00b06\" \/><\/figure><\/a><\/div><div class=\"swiper-slide\" role=\"group\" aria-roledescription=\"slide\" aria-label=\"7 sur 7\"><a data-elementor-open-lightbox=\"yes\" data-elementor-lightbox-slideshow=\"ff36364\" data-elementor-lightbox-title=\"Les orchid\u00e9es du Jardin des plantes n\u00b07\" data-e-action-hash=\"#elementor-action%3Aaction%3Dlightbox%26settings%3DeyJpZCI6MTE0OCwidXJsIjoiaHR0cHM6XC9cL3JhZmFlbGVpZGUuY29tXC93cC1jb250ZW50XC91cGxvYWRzXC8yMDI2XC8wNFwvTGVzLW9yY2hpZGVlcy1kdS1KYXJkaW4tZGVzLXBsYW50ZXMtblx1MDBiMDctMS5qcGciLCJzbGlkZXNob3ciOiJmZjM2MzY0In0%3D\" href=\"https:\/\/rafaeleide.com\/wp-content\/uploads\/2026\/04\/Les-orchidees-du-Jardin-des-plantes-n\u00b07-1.jpg\"><figure class=\"swiper-slide-inner\"><img decoding=\"async\" class=\"swiper-slide-image\" src=\"https:\/\/rafaeleide.com\/wp-content\/uploads\/2026\/04\/Les-orchidees-du-Jardin-des-plantes-n\u00b07-1-209x300.jpg\" alt=\"Les orchid\u00e9es du Jardin des plantes n\u00b07\" \/><\/figure><\/a><\/div>\t\t\t<\/div>\n\t\t\t\t\t\t\t\t\t\t\t\t<div class=\"elementor-swiper-button elementor-swiper-button-prev\" role=\"button\" tabindex=\"0\">\n\t\t\t\t\t\t<svg aria-hidden=\"true\" class=\"e-font-icon-svg e-eicon-chevron-left\" viewBox=\"0 0 1000 1000\" xmlns=\"http:\/\/www.w3.org\/2000\/svg\"><path d=\"M646 125C629 125 613 133 604 142L308 442C296 454 292 471 292 487 292 504 296 521 308 533L604 854C617 867 629 875 646 875 663 875 679 871 692 858 704 846 713 829 713 812 713 796 708 779 692 767L438 487 692 225C700 217 708 204 708 187 708 171 704 154 692 142 675 129 663 125 646 125Z\"><\/path><\/svg>\t\t\t\t\t<\/div>\n\t\t\t\t\t<div class=\"elementor-swiper-button elementor-swiper-button-next\" role=\"button\" tabindex=\"0\">\n\t\t\t\t\t\t<svg aria-hidden=\"true\" class=\"e-font-icon-svg e-eicon-chevron-right\" viewBox=\"0 0 1000 1000\" xmlns=\"http:\/\/www.w3.org\/2000\/svg\"><path d=\"M696 533C708 521 713 504 713 487 713 471 708 454 696 446L400 146C388 133 375 125 354 125 338 125 325 129 313 142 300 154 292 171 292 187 292 204 296 221 308 233L563 492 304 771C292 783 288 800 288 817 288 833 296 850 308 863 321 871 338 875 354 875 371 875 388 867 400 854L696 533Z\"><\/path><\/svg>\t\t\t\t\t<\/div>\n\t\t\t\t\n\t\t\t\t\t\t\t\t\t<div class=\"swiper-pagination\"><\/div>\n\t\t\t\t\t\t\t\t\t<\/div>\n\t\t\t\t\t\t<\/div>\n\t\t\t\t\t<\/div>\n\t\t\t\t<\/div>\n\t\t\t\t<\/div>\n\t\t","protected":false},"excerpt":{"rendered":"<p>Les orchid\u00e9es du Jardin des plantes201761x 43cmGouache sur papier japonais Danxuan 30 g<\/p>\n","protected":false},"author":3,"featured_media":0,"parent":0,"menu_order":0,"comment_status":"closed","ping_status":"closed","template":"","meta":{"ocean_post_layout":"","ocean_both_sidebars_style":"","ocean_both_sidebars_content_width":0,"ocean_both_sidebars_sidebars_width":0,"ocean_sidebar":"0","ocean_second_sidebar":"0","ocean_disable_margins":"enable","ocean_add_body_class":"","ocean_shortcode_before_top_bar":"","ocean_shortcode_after_top_bar":"","ocean_shortcode_before_header":"","ocean_shortcode_after_header":"","ocean_has_shortcode":"","ocean_shortcode_after_title":"","ocean_shortcode_before_footer_widgets":"","ocean_shortcode_after_footer_widgets":"","ocean_shortcode_before_footer_bottom":"","ocean_shortcode_after_footer_bottom":"","ocean_display_top_bar":"default","ocean_display_header":"default","ocean_header_style":"","ocean_center_header_left_menu":"0","ocean_custom_header_template":"0","ocean_custom_logo":0,"ocean_custom_retina_logo":0,"ocean_custom_logo_max_width":0,"ocean_custom_logo_tablet_max_width":0,"ocean_custom_logo_mobile_max_width":0,"ocean_custom_logo_max_height":0,"ocean_custom_logo_tablet_max_height":0,"ocean_custom_logo_mobile_max_height":0,"ocean_header_custom_menu":"0","ocean_menu_typo_font_family":"0","ocean_menu_typo_font_subset":"","ocean_menu_typo_font_size":0,"ocean_menu_typo_font_size_tablet":0,"ocean_menu_typo_font_size_mobile":0,"ocean_menu_typo_font_size_unit":"px","ocean_menu_typo_font_weight":"","ocean_menu_typo_font_weight_tablet":"","ocean_menu_typo_font_weight_mobile":"","ocean_menu_typo_transform":"","ocean_menu_typo_transform_tablet":"","ocean_menu_typo_transform_mobile":"","ocean_menu_typo_line_height":0,"ocean_menu_typo_line_height_tablet":0,"ocean_menu_typo_line_height_mobile":0,"ocean_menu_typo_line_height_unit":"","ocean_menu_typo_spacing":0,"ocean_menu_typo_spacing_tablet":0,"ocean_menu_typo_spacing_mobile":0,"ocean_menu_typo_spacing_unit":"","ocean_menu_link_color":"","ocean_menu_link_color_hover":"","ocean_menu_link_color_active":"","ocean_menu_link_background":"","ocean_menu_link_hover_background":"","ocean_menu_link_active_background":"","ocean_menu_social_links_bg":"","ocean_menu_social_hover_links_bg":"","ocean_menu_social_links_color":"","ocean_menu_social_hover_links_color":"","ocean_disable_title":"default","ocean_disable_heading":"default","ocean_post_title":"","ocean_post_subheading":"","ocean_post_title_style":"","ocean_post_title_background_color":"","ocean_post_title_background":0,"ocean_post_title_bg_image_position":"","ocean_post_title_bg_image_attachment":"","ocean_post_title_bg_image_repeat":"","ocean_post_title_bg_image_size":"","ocean_post_title_height":0,"ocean_post_title_bg_overlay":0.5,"ocean_post_title_bg_overlay_color":"","ocean_disable_breadcrumbs":"default","ocean_breadcrumbs_color":"","ocean_breadcrumbs_separator_color":"","ocean_breadcrumbs_links_color":"","ocean_breadcrumbs_links_hover_color":"","ocean_display_footer_widgets":"default","ocean_display_footer_bottom":"default","ocean_custom_footer_template":"0","footnotes":""},"class_list":["post-1092","page","type-page","status-publish","hentry","entry"],"yoast_head":"<!-- This site is optimized with the Yoast SEO plugin v27.4 - https:\/\/yoast.com\/product\/yoast-seo-wordpress\/ -->\n<title>Les orchid\u00e9es du Jardin des Plantes - Rafa\u00eble Ide<\/title>\n<meta name=\"description\" content=\"Les orchid\u00e9es du Jardin des Plantes, peinture \u00e0 la gouache sur papier japon, 61x43cm\" \/>\n<meta name=\"robots\" content=\"index, follow, max-snippet:-1, max-image-preview:large, max-video-preview:-1\" \/>\n<link rel=\"canonical\" href=\"https:\/\/rafaeleide.com\/index.php\/test-grille\/\" \/>\n<meta property=\"og:locale\" content=\"fr_FR\" \/>\n<meta property=\"og:type\" content=\"article\" \/>\n<meta property=\"og:title\" content=\"Les orchid\u00e9es du Jardin des Plantes - Rafa\u00eble Ide\" \/>\n<meta property=\"og:description\" content=\"Les orchid\u00e9es du Jardin des Plantes, peinture \u00e0 la gouache sur papier japon, 61x43cm\" \/>\n<meta property=\"og:url\" content=\"https:\/\/rafaeleide.com\/index.php\/test-grille\/\" \/>\n<meta property=\"og:site_name\" content=\"Rafa\u00eble Ide\" \/>\n<meta property=\"article:modified_time\" content=\"2026-04-13T20:06:15+00:00\" \/>\n<meta name=\"twitter:card\" content=\"summary_large_image\" \/>\n<meta name=\"twitter:label1\" content=\"Dur\u00e9e de lecture estim\u00e9e\" \/>\n\t<meta name=\"twitter:data1\" content=\"2 minutes\" \/>\n<script type=\"application\/ld+json\" class=\"yoast-schema-graph\">{\"@context\":\"https:\\\/\\\/schema.org\",\"@graph\":[{\"@type\":\"WebPage\",\"@id\":\"https:\\\/\\\/rafaeleide.com\\\/index.php\\\/test-grille\\\/\",\"url\":\"https:\\\/\\\/rafaeleide.com\\\/index.php\\\/test-grille\\\/\",\"name\":\"Les orchid\u00e9es du Jardin des Plantes - Rafa\u00eble Ide\",\"isPartOf\":{\"@id\":\"https:\\\/\\\/rafaeleide.com\\\/#website\"},\"datePublished\":\"2026-04-06T13:20:19+00:00\",\"dateModified\":\"2026-04-13T20:06:15+00:00\",\"description\":\"Les orchid\u00e9es du Jardin des Plantes, peinture \u00e0 la gouache sur papier japon, 61x43cm\",\"breadcrumb\":{\"@id\":\"https:\\\/\\\/rafaeleide.com\\\/index.php\\\/test-grille\\\/#breadcrumb\"},\"inLanguage\":\"fr-FR\",\"potentialAction\":[{\"@type\":\"ReadAction\",\"target\":[\"https:\\\/\\\/rafaeleide.com\\\/index.php\\\/test-grille\\\/\"]}]},{\"@type\":\"BreadcrumbList\",\"@id\":\"https:\\\/\\\/rafaeleide.com\\\/index.php\\\/test-grille\\\/#breadcrumb\",\"itemListElement\":[{\"@type\":\"ListItem\",\"position\":1,\"name\":\"Home\",\"item\":\"https:\\\/\\\/rafaeleide.com\\\/\"},{\"@type\":\"ListItem\",\"position\":2,\"name\":\"Les orchid\u00e9es du Jardin des Plantes\"}]},{\"@type\":\"WebSite\",\"@id\":\"https:\\\/\\\/rafaeleide.com\\\/#website\",\"url\":\"https:\\\/\\\/rafaeleide.com\\\/\",\"name\":\"Rafa\u00eble Ide\",\"description\":\"\",\"publisher\":{\"@id\":\"https:\\\/\\\/rafaeleide.com\\\/#organization\"},\"potentialAction\":[{\"@type\":\"SearchAction\",\"target\":{\"@type\":\"EntryPoint\",\"urlTemplate\":\"https:\\\/\\\/rafaeleide.com\\\/?s={search_term_string}\"},\"query-input\":{\"@type\":\"PropertyValueSpecification\",\"valueRequired\":true,\"valueName\":\"search_term_string\"}}],\"inLanguage\":\"fr-FR\"},{\"@type\":\"Organization\",\"@id\":\"https:\\\/\\\/rafaeleide.com\\\/#organization\",\"name\":\"Rafa\u00eble Ide\",\"url\":\"https:\\\/\\\/rafaeleide.com\\\/\",\"logo\":{\"@type\":\"ImageObject\",\"inLanguage\":\"fr-FR\",\"@id\":\"https:\\\/\\\/rafaeleide.com\\\/#\\\/schema\\\/logo\\\/image\\\/\",\"url\":\"https:\\\/\\\/rafaeleide.com\\\/wp-content\\\/uploads\\\/2026\\\/02\\\/cropped-cropped-cropped-cropped-Rafaele-Ide-logo-1-1.png\",\"contentUrl\":\"https:\\\/\\\/rafaeleide.com\\\/wp-content\\\/uploads\\\/2026\\\/02\\\/cropped-cropped-cropped-cropped-Rafaele-Ide-logo-1-1.png\",\"width\":511,\"height\":140,\"caption\":\"Rafa\u00eble Ide\"},\"image\":{\"@id\":\"https:\\\/\\\/rafaeleide.com\\\/#\\\/schema\\\/logo\\\/image\\\/\"}}]}<\/script>\n<!-- \/ Yoast SEO plugin. -->","yoast_head_json":{"title":"Les orchid\u00e9es du Jardin des Plantes - Rafa\u00eble Ide","description":"Les orchid\u00e9es du Jardin des Plantes, peinture \u00e0 la gouache sur papier japon, 61x43cm","robots":{"index":"index","follow":"follow","max-snippet":"max-snippet:-1","max-image-preview":"max-image-preview:large","max-video-preview":"max-video-preview:-1"},"canonical":"https:\/\/rafaeleide.com\/index.php\/test-grille\/","og_locale":"fr_FR","og_type":"article","og_title":"Les orchid\u00e9es du Jardin des Plantes - Rafa\u00eble Ide","og_description":"Les orchid\u00e9es du Jardin des Plantes, peinture \u00e0 la gouache sur papier japon, 61x43cm","og_url":"https:\/\/rafaeleide.com\/index.php\/test-grille\/","og_site_name":"Rafa\u00eble Ide","article_modified_time":"2026-04-13T20:06:15+00:00","twitter_card":"summary_large_image","twitter_misc":{"Dur\u00e9e de lecture estim\u00e9e":"2 minutes"},"schema":{"@context":"https:\/\/schema.org","@graph":[{"@type":"WebPage","@id":"https:\/\/rafaeleide.com\/index.php\/test-grille\/","url":"https:\/\/rafaeleide.com\/index.php\/test-grille\/","name":"Les orchid\u00e9es du Jardin des Plantes - Rafa\u00eble Ide","isPartOf":{"@id":"https:\/\/rafaeleide.com\/#website"},"datePublished":"2026-04-06T13:20:19+00:00","dateModified":"2026-04-13T20:06:15+00:00","description":"Les orchid\u00e9es du Jardin des Plantes, peinture \u00e0 la gouache sur papier japon, 61x43cm","breadcrumb":{"@id":"https:\/\/rafaeleide.com\/index.php\/test-grille\/#breadcrumb"},"inLanguage":"fr-FR","potentialAction":[{"@type":"ReadAction","target":["https:\/\/rafaeleide.com\/index.php\/test-grille\/"]}]},{"@type":"BreadcrumbList","@id":"https:\/\/rafaeleide.com\/index.php\/test-grille\/#breadcrumb","itemListElement":[{"@type":"ListItem","position":1,"name":"Home","item":"https:\/\/rafaeleide.com\/"},{"@type":"ListItem","position":2,"name":"Les orchid\u00e9es du Jardin des Plantes"}]},{"@type":"WebSite","@id":"https:\/\/rafaeleide.com\/#website","url":"https:\/\/rafaeleide.com\/","name":"Rafa\u00eble Ide","description":"","publisher":{"@id":"https:\/\/rafaeleide.com\/#organization"},"potentialAction":[{"@type":"SearchAction","target":{"@type":"EntryPoint","urlTemplate":"https:\/\/rafaeleide.com\/?s={search_term_string}"},"query-input":{"@type":"PropertyValueSpecification","valueRequired":true,"valueName":"search_term_string"}}],"inLanguage":"fr-FR"},{"@type":"Organization","@id":"https:\/\/rafaeleide.com\/#organization","name":"Rafa\u00eble Ide","url":"https:\/\/rafaeleide.com\/","logo":{"@type":"ImageObject","inLanguage":"fr-FR","@id":"https:\/\/rafaeleide.com\/#\/schema\/logo\/image\/","url":"https:\/\/rafaeleide.com\/wp-content\/uploads\/2026\/02\/cropped-cropped-cropped-cropped-Rafaele-Ide-logo-1-1.png","contentUrl":"https:\/\/rafaeleide.com\/wp-content\/uploads\/2026\/02\/cropped-cropped-cropped-cropped-Rafaele-Ide-logo-1-1.png","width":511,"height":140,"caption":"Rafa\u00eble Ide"},"image":{"@id":"https:\/\/rafaeleide.com\/#\/schema\/logo\/image\/"}}]}},"_links":{"self":[{"href":"https:\/\/rafaeleide.com\/index.php\/wp-json\/wp\/v2\/pages\/1092","targetHints":{"allow":["GET"]}}],"collection":[{"href":"https:\/\/rafaeleide.com\/index.php\/wp-json\/wp\/v2\/pages"}],"about":[{"href":"https:\/\/rafaeleide.com\/index.php\/wp-json\/wp\/v2\/types\/page"}],"author":[{"embeddable":true,"href":"https:\/\/rafaeleide.com\/index.php\/wp-json\/wp\/v2\/users\/3"}],"replies":[{"embeddable":true,"href":"https:\/\/rafaeleide.com\/index.php\/wp-json\/wp\/v2\/comments?post=1092"}],"version-history":[{"count":68,"href":"https:\/\/rafaeleide.com\/index.php\/wp-json\/wp\/v2\/pages\/1092\/revisions"}],"predecessor-version":[{"id":1532,"href":"https:\/\/rafaeleide.com\/index.php\/wp-json\/wp\/v2\/pages\/1092\/revisions\/1532"}],"wp:attachment":[{"href":"https:\/\/rafaeleide.com\/index.php\/wp-json\/wp\/v2\/media?parent=1092"}],"curies":[{"name":"wp","href":"https:\/\/api.w.org\/{rel}","templated":true}]}}