{"id":1198,"date":"2026-04-07T20:56:26","date_gmt":"2026-04-07T20:56:26","guid":{"rendered":"https:\/\/rafaeleide.com\/?page_id=1198"},"modified":"2026-04-13T21:00:57","modified_gmt":"2026-04-13T21:00:57","slug":"daphne-sous-lecorce-nouvelle","status":"publish","type":"page","link":"https:\/\/rafaeleide.com\/index.php\/daphne-sous-lecorce-nouvelle\/","title":{"rendered":"Daphn\u00e9, sous l&rsquo;\u00e9corce nouvelle"},"content":{"rendered":"\t\t<div data-elementor-type=\"wp-page\" data-elementor-id=\"1198\" class=\"elementor elementor-1198\">\n\t\t\t\t<div class=\"elementor-element elementor-element-4178039 e-flex e-con-boxed e-con e-parent\" data-id=\"4178039\" data-element_type=\"container\" data-e-type=\"container\">\n\t\t\t\t\t<div class=\"e-con-inner\">\n\t\t<div class=\"elementor-element elementor-element-9668f9b e-grid e-transform e-con-full e-con e-child\" data-id=\"9668f9b\" data-element_type=\"container\" data-e-type=\"container\" data-settings=\"{&quot;_transform_translateX_effect&quot;:{&quot;unit&quot;:&quot;px&quot;,&quot;size&quot;:219,&quot;sizes&quot;:[]},&quot;_transform_translateX_effect_tablet&quot;:{&quot;unit&quot;:&quot;px&quot;,&quot;size&quot;:&quot;&quot;,&quot;sizes&quot;:[]},&quot;_transform_translateX_effect_mobile&quot;:{&quot;unit&quot;:&quot;px&quot;,&quot;size&quot;:&quot;&quot;,&quot;sizes&quot;:[]},&quot;_transform_translateY_effect&quot;:{&quot;unit&quot;:&quot;px&quot;,&quot;size&quot;:&quot;&quot;,&quot;sizes&quot;:[]},&quot;_transform_translateY_effect_tablet&quot;:{&quot;unit&quot;:&quot;px&quot;,&quot;size&quot;:&quot;&quot;,&quot;sizes&quot;:[]},&quot;_transform_translateY_effect_mobile&quot;:{&quot;unit&quot;:&quot;px&quot;,&quot;size&quot;:&quot;&quot;,&quot;sizes&quot;:[]}}\">\n\t\t\t\t<div class=\"elementor-element elementor-element-6265e6d e-transform elementor-widget elementor-widget-image\" data-id=\"6265e6d\" data-element_type=\"widget\" data-e-type=\"widget\" data-settings=\"{&quot;_transform_scale_effect_mobile&quot;:{&quot;unit&quot;:&quot;px&quot;,&quot;size&quot;:0.7,&quot;sizes&quot;:[]},&quot;_transform_scale_effect&quot;:{&quot;unit&quot;:&quot;px&quot;,&quot;size&quot;:&quot;&quot;,&quot;sizes&quot;:[]},&quot;_transform_scale_effect_tablet&quot;:{&quot;unit&quot;:&quot;px&quot;,&quot;size&quot;:&quot;&quot;,&quot;sizes&quot;:[]}}\" data-widget_type=\"image.default\">\n\t\t\t\t\t\t\t\t\t\t\t\t\t\t\t<img fetchpriority=\"high\" decoding=\"async\" width=\"591\" height=\"736\" src=\"https:\/\/rafaeleide.com\/wp-content\/uploads\/2026\/04\/A-linstant-2025.jpg\" class=\"attachment-large size-large wp-image-1170\" alt=\"\" srcset=\"https:\/\/rafaeleide.com\/wp-content\/uploads\/2026\/04\/A-linstant-2025.jpg 591w, https:\/\/rafaeleide.com\/wp-content\/uploads\/2026\/04\/A-linstant-2025-241x300.jpg 241w\" sizes=\"(max-width: 591px) 100vw, 591px\" \/>\t\t\t\t\t\t\t\t\t\t\t\t\t\t\t<\/div>\n\t\t\t\t<div class=\"elementor-element elementor-element-371d2c3 elementor-widget__width-initial e-transform elementor-widget elementor-widget-text-editor\" data-id=\"371d2c3\" data-element_type=\"widget\" data-e-type=\"widget\" data-settings=\"{&quot;_transform_translateX_effect_mobile&quot;:{&quot;unit&quot;:&quot;px&quot;,&quot;size&quot;:60,&quot;sizes&quot;:[]},&quot;_transform_translateX_effect&quot;:{&quot;unit&quot;:&quot;px&quot;,&quot;size&quot;:&quot;&quot;,&quot;sizes&quot;:[]},&quot;_transform_translateX_effect_tablet&quot;:{&quot;unit&quot;:&quot;px&quot;,&quot;size&quot;:&quot;&quot;,&quot;sizes&quot;:[]},&quot;_transform_translateY_effect&quot;:{&quot;unit&quot;:&quot;px&quot;,&quot;size&quot;:&quot;&quot;,&quot;sizes&quot;:[]},&quot;_transform_translateY_effect_tablet&quot;:{&quot;unit&quot;:&quot;px&quot;,&quot;size&quot;:&quot;&quot;,&quot;sizes&quot;:[]},&quot;_transform_translateY_effect_mobile&quot;:{&quot;unit&quot;:&quot;px&quot;,&quot;size&quot;:&quot;&quot;,&quot;sizes&quot;:[]}}\" data-widget_type=\"text-editor.default\">\n\t\t\t\t\t\t\t\t\t<p><span style=\"font-family: arial, helvetica, sans-serif; font-size: 12pt; color: #808080;\">Daphn\u00e9, sous l\u2019\u00e9corce nouvelle 2025<br \/>Gravures carborendum et pointe s\u00e8che rehauss\u00e9es\u00a0<br \/>au pastel \u00e0 l\u2019huile\u00a0sur\u00a0papier Fabriano 285g<br \/>40\u00a0x 30 cm<i>\u00a0<\/i><\/span><\/p><p><span style=\"font-size: 14px; font-family: Carlito, sans-serif;\"><span style=\"font-size: small;\"><i>\u00a0<\/i><\/span><\/span><\/p><p><span style=\"font-size: 14px; font-family: Carlito, sans-serif;\"><span style=\"font-size: small;\"><i>\u00a0<\/i><\/span><\/span><\/p><p><span style=\"font-size: 14px; font-family: Carlito, sans-serif;\"><span style=\"font-size: small;\"><i>\u00a0<\/i><\/span><\/span><\/p><p><span style=\"font-size: 14px; font-family: Carlito, sans-serif;\"><span style=\"font-size: small;\"><i>\u00a0<\/i><\/span><\/span><\/p><p><span style=\"font-size: 14px; font-family: Carlito, sans-serif;\"><span style=\"font-size: small;\"><i>\u00a0<\/i><\/span><\/span><\/p><p><span style=\"font-size: 14px; font-family: Carlito, sans-serif;\"><span style=\"font-size: small;\"><i>\u00a0<\/i><\/span><\/span><\/p><p><span style=\"font-size: 14px; font-family: Carlito, sans-serif;\"><span style=\"font-size: small;\"><i>\u00a0<\/i><\/span><\/span><\/p><p><span style=\"font-size: 14px; font-family: Carlito, sans-serif;\"><span style=\"font-size: small;\"><i>\u00a0<\/i><\/span><\/span><\/p><p><span style=\"font-size: 14px; font-family: Carlito, sans-serif;\"><span style=\"font-size: small;\"><i>\u00a0<\/i><\/span><\/span><\/p>\t\t\t\t\t\t\t\t<\/div>\n\t\t\t\t<\/div>\n\t\t\t\t\t<\/div>\n\t\t\t\t<\/div>\n\t\t<div class=\"elementor-element elementor-element-1bde019 e-transform e-flex e-con-boxed e-con e-parent\" data-id=\"1bde019\" data-element_type=\"container\" data-e-type=\"container\" data-settings=\"{&quot;_transform_scale_effect_mobile&quot;:{&quot;unit&quot;:&quot;px&quot;,&quot;size&quot;:1,&quot;sizes&quot;:[]},&quot;_transform_scale_effect&quot;:{&quot;unit&quot;:&quot;px&quot;,&quot;size&quot;:&quot;&quot;,&quot;sizes&quot;:[]},&quot;_transform_scale_effect_tablet&quot;:{&quot;unit&quot;:&quot;px&quot;,&quot;size&quot;:&quot;&quot;,&quot;sizes&quot;:[]}}\">\n\t\t\t\t\t<div class=\"e-con-inner\">\n\t\t\t\t<div class=\"elementor-element elementor-element-fbd295e elementor-arrows-position-inside elementor-pagination-position-outside elementor-widget elementor-widget-image-carousel\" data-id=\"fbd295e\" data-element_type=\"widget\" data-e-type=\"widget\" data-settings=\"{&quot;image_spacing_custom&quot;:{&quot;unit&quot;:&quot;px&quot;,&quot;size&quot;:0,&quot;sizes&quot;:[]},&quot;navigation&quot;:&quot;both&quot;,&quot;autoplay&quot;:&quot;yes&quot;,&quot;pause_on_hover&quot;:&quot;yes&quot;,&quot;pause_on_interaction&quot;:&quot;yes&quot;,&quot;autoplay_speed&quot;:5000,&quot;infinite&quot;:&quot;yes&quot;,&quot;speed&quot;:500,&quot;image_spacing_custom_tablet&quot;:{&quot;unit&quot;:&quot;px&quot;,&quot;size&quot;:&quot;&quot;,&quot;sizes&quot;:[]},&quot;image_spacing_custom_mobile&quot;:{&quot;unit&quot;:&quot;px&quot;,&quot;size&quot;:&quot;&quot;,&quot;sizes&quot;:[]}}\" data-widget_type=\"image-carousel.default\">\n\t\t\t\t\t\t\t<div class=\"elementor-image-carousel-wrapper swiper\" role=\"region\" aria-roledescription=\"carousel\" aria-label=\"Carrousel d\u2019images\" dir=\"ltr\">\n\t\t\t<div class=\"elementor-image-carousel swiper-wrapper\" aria-live=\"off\">\n\t\t\t\t\t\t\t\t<div class=\"swiper-slide\" role=\"group\" aria-roledescription=\"slide\" aria-label=\"1 sur 6\"><a data-elementor-open-lightbox=\"yes\" data-elementor-lightbox-slideshow=\"fbd295e\" data-elementor-lightbox-title=\"Prendre racine-2025\" data-e-action-hash=\"#elementor-action%3Aaction%3Dlightbox%26settings%3DeyJpZCI6MTE3NCwidXJsIjoiaHR0cHM6XC9cL3JhZmFlbGVpZGUuY29tXC93cC1jb250ZW50XC91cGxvYWRzXC8yMDI2XC8wNFwvUHJlbmRyZS1yYWNpbmUtMjAyNS5qcGciLCJzbGlkZXNob3ciOiJmYmQyOTVlIn0%3D\" href=\"https:\/\/rafaeleide.com\/wp-content\/uploads\/2026\/04\/Prendre-racine-2025.jpg\"><figure class=\"swiper-slide-inner\"><img decoding=\"async\" class=\"swiper-slide-image\" src=\"https:\/\/rafaeleide.com\/wp-content\/uploads\/2026\/04\/Prendre-racine-2025-243x300.jpg\" alt=\"Prendre racine-2025\" \/><\/figure><\/a><\/div><div class=\"swiper-slide\" role=\"group\" aria-roledescription=\"slide\" aria-label=\"2 sur 6\"><a data-elementor-open-lightbox=\"yes\" data-elementor-lightbox-slideshow=\"fbd295e\" data-elementor-lightbox-title=\"Noli me tangere-2025\" data-e-action-hash=\"#elementor-action%3Aaction%3Dlightbox%26settings%3DeyJpZCI6MTE3MywidXJsIjoiaHR0cHM6XC9cL3JhZmFlbGVpZGUuY29tXC93cC1jb250ZW50XC91cGxvYWRzXC8yMDI2XC8wNFwvTm9saS1tZS10YW5nZXJlLTIwMjUuanBnIiwic2xpZGVzaG93IjoiZmJkMjk1ZSJ9\" href=\"https:\/\/rafaeleide.com\/wp-content\/uploads\/2026\/04\/Noli-me-tangere-2025.jpg\"><figure class=\"swiper-slide-inner\"><img decoding=\"async\" class=\"swiper-slide-image\" src=\"https:\/\/rafaeleide.com\/wp-content\/uploads\/2026\/04\/Noli-me-tangere-2025-242x300.jpg\" alt=\"Noli me tangere-2025\" \/><\/figure><\/a><\/div><div class=\"swiper-slide\" role=\"group\" aria-roledescription=\"slide\" aria-label=\"3 sur 6\"><a data-elementor-open-lightbox=\"yes\" data-elementor-lightbox-slideshow=\"fbd295e\" data-elementor-lightbox-title=\"La marque des ronces-2025\" data-e-action-hash=\"#elementor-action%3Aaction%3Dlightbox%26settings%3DeyJpZCI6MTE3MiwidXJsIjoiaHR0cHM6XC9cL3JhZmFlbGVpZGUuY29tXC93cC1jb250ZW50XC91cGxvYWRzXC8yMDI2XC8wNFwvTGEtbWFycXVlLWRlcy1yb25jZXMtMjAyNS5qcGciLCJzbGlkZXNob3ciOiJmYmQyOTVlIn0%3D\" href=\"https:\/\/rafaeleide.com\/wp-content\/uploads\/2026\/04\/La-marque-des-ronces-2025.jpg\"><figure class=\"swiper-slide-inner\"><img decoding=\"async\" class=\"swiper-slide-image\" src=\"https:\/\/rafaeleide.com\/wp-content\/uploads\/2026\/04\/La-marque-des-ronces-2025-241x300.jpg\" alt=\"La marque des ronces-2025\" \/><\/figure><\/a><\/div><div class=\"swiper-slide\" role=\"group\" aria-roledescription=\"slide\" aria-label=\"4 sur 6\"><a data-elementor-open-lightbox=\"yes\" data-elementor-lightbox-slideshow=\"fbd295e\" data-elementor-lightbox-title=\"Au vent-2025\" data-e-action-hash=\"#elementor-action%3Aaction%3Dlightbox%26settings%3DeyJpZCI6MTE3MSwidXJsIjoiaHR0cHM6XC9cL3JhZmFlbGVpZGUuY29tXC93cC1jb250ZW50XC91cGxvYWRzXC8yMDI2XC8wNFwvQXUtdmVudC0yMDI1LmpwZyIsInNsaWRlc2hvdyI6ImZiZDI5NWUifQ%3D%3D\" href=\"https:\/\/rafaeleide.com\/wp-content\/uploads\/2026\/04\/Au-vent-2025.jpg\"><figure class=\"swiper-slide-inner\"><img decoding=\"async\" class=\"swiper-slide-image\" src=\"https:\/\/rafaeleide.com\/wp-content\/uploads\/2026\/04\/Au-vent-2025-239x300.jpg\" alt=\"Au vent-2025\" \/><\/figure><\/a><\/div><div class=\"swiper-slide\" role=\"group\" aria-roledescription=\"slide\" aria-label=\"5 sur 6\"><a data-elementor-open-lightbox=\"yes\" data-elementor-lightbox-slideshow=\"fbd295e\" data-elementor-lightbox-title=\"A l&#039;instant-2025\" data-e-action-hash=\"#elementor-action%3Aaction%3Dlightbox%26settings%3DeyJpZCI6MTE3MCwidXJsIjoiaHR0cHM6XC9cL3JhZmFlbGVpZGUuY29tXC93cC1jb250ZW50XC91cGxvYWRzXC8yMDI2XC8wNFwvQS1saW5zdGFudC0yMDI1LmpwZyIsInNsaWRlc2hvdyI6ImZiZDI5NWUifQ%3D%3D\" href=\"https:\/\/rafaeleide.com\/wp-content\/uploads\/2026\/04\/A-linstant-2025.jpg\"><figure class=\"swiper-slide-inner\"><img decoding=\"async\" class=\"swiper-slide-image\" src=\"https:\/\/rafaeleide.com\/wp-content\/uploads\/2026\/04\/A-linstant-2025-241x300.jpg\" alt=\"A l&#039;instant-2025\" \/><\/figure><\/a><\/div><div class=\"swiper-slide\" role=\"group\" aria-roledescription=\"slide\" aria-label=\"6 sur 6\"><a data-elementor-open-lightbox=\"yes\" data-elementor-lightbox-slideshow=\"fbd295e\" data-elementor-lightbox-title=\"Drap\u00e9-2025\" data-e-action-hash=\"#elementor-action%3Aaction%3Dlightbox%26settings%3DeyJpZCI6MTE2OSwidXJsIjoiaHR0cHM6XC9cL3JhZmFlbGVpZGUuY29tXC93cC1jb250ZW50XC91cGxvYWRzXC8yMDI2XC8wNFwvRHJhcGUtMjAyNS5qcGciLCJzbGlkZXNob3ciOiJmYmQyOTVlIn0%3D\" href=\"https:\/\/rafaeleide.com\/wp-content\/uploads\/2026\/04\/Drape-2025.jpg\"><figure class=\"swiper-slide-inner\"><img decoding=\"async\" class=\"swiper-slide-image\" src=\"https:\/\/rafaeleide.com\/wp-content\/uploads\/2026\/04\/Drape-2025-242x300.jpg\" alt=\"Drap\u00e9-2025\" \/><\/figure><\/a><\/div>\t\t\t<\/div>\n\t\t\t\t\t\t\t\t\t\t\t\t<div class=\"elementor-swiper-button elementor-swiper-button-prev\" role=\"button\" tabindex=\"0\">\n\t\t\t\t\t\t<svg aria-hidden=\"true\" class=\"e-font-icon-svg e-eicon-chevron-left\" viewBox=\"0 0 1000 1000\" xmlns=\"http:\/\/www.w3.org\/2000\/svg\"><path d=\"M646 125C629 125 613 133 604 142L308 442C296 454 292 471 292 487 292 504 296 521 308 533L604 854C617 867 629 875 646 875 663 875 679 871 692 858 704 846 713 829 713 812 713 796 708 779 692 767L438 487 692 225C700 217 708 204 708 187 708 171 704 154 692 142 675 129 663 125 646 125Z\"><\/path><\/svg>\t\t\t\t\t<\/div>\n\t\t\t\t\t<div class=\"elementor-swiper-button elementor-swiper-button-next\" role=\"button\" tabindex=\"0\">\n\t\t\t\t\t\t<svg aria-hidden=\"true\" class=\"e-font-icon-svg e-eicon-chevron-right\" viewBox=\"0 0 1000 1000\" xmlns=\"http:\/\/www.w3.org\/2000\/svg\"><path d=\"M696 533C708 521 713 504 713 487 713 471 708 454 696 446L400 146C388 133 375 125 354 125 338 125 325 129 313 142 300 154 292 171 292 187 292 204 296 221 308 233L563 492 304 771C292 783 288 800 288 817 288 833 296 850 308 863 321 871 338 875 354 875 371 875 388 867 400 854L696 533Z\"><\/path><\/svg>\t\t\t\t\t<\/div>\n\t\t\t\t\n\t\t\t\t\t\t\t\t\t<div class=\"swiper-pagination\"><\/div>\n\t\t\t\t\t\t\t\t\t<\/div>\n\t\t\t\t\t\t<\/div>\n\t\t\t\t\t<\/div>\n\t\t\t\t<\/div>\n\t\t\t\t<\/div>\n\t\t","protected":false},"excerpt":{"rendered":"<p>Daphn\u00e9, sous l\u2019\u00e9corce nouvelle 2025Gravures carborendum et pointe s\u00e8che rehauss\u00e9es\u00a0au pastel \u00e0 l\u2019huile\u00a0sur\u00a0papier Fabriano 285g40\u00a0x 30 cm\u00a0 \u00a0 \u00a0 \u00a0 \u00a0 \u00a0 \u00a0 \u00a0 \u00a0 \u00a0<\/p>\n","protected":false},"author":3,"featured_media":0,"parent":0,"menu_order":0,"comment_status":"closed","ping_status":"closed","template":"","meta":{"ocean_post_layout":"","ocean_both_sidebars_style":"","ocean_both_sidebars_content_width":0,"ocean_both_sidebars_sidebars_width":0,"ocean_sidebar":"0","ocean_second_sidebar":"0","ocean_disable_margins":"enable","ocean_add_body_class":"","ocean_shortcode_before_top_bar":"","ocean_shortcode_after_top_bar":"","ocean_shortcode_before_header":"","ocean_shortcode_after_header":"","ocean_has_shortcode":"","ocean_shortcode_after_title":"","ocean_shortcode_before_footer_widgets":"","ocean_shortcode_after_footer_widgets":"","ocean_shortcode_before_footer_bottom":"","ocean_shortcode_after_footer_bottom":"","ocean_display_top_bar":"default","ocean_display_header":"default","ocean_header_style":"","ocean_center_header_left_menu":"0","ocean_custom_header_template":"0","ocean_custom_logo":0,"ocean_custom_retina_logo":0,"ocean_custom_logo_max_width":0,"ocean_custom_logo_tablet_max_width":0,"ocean_custom_logo_mobile_max_width":0,"ocean_custom_logo_max_height":0,"ocean_custom_logo_tablet_max_height":0,"ocean_custom_logo_mobile_max_height":0,"ocean_header_custom_menu":"0","ocean_menu_typo_font_family":"0","ocean_menu_typo_font_subset":"","ocean_menu_typo_font_size":0,"ocean_menu_typo_font_size_tablet":0,"ocean_menu_typo_font_size_mobile":0,"ocean_menu_typo_font_size_unit":"px","ocean_menu_typo_font_weight":"","ocean_menu_typo_font_weight_tablet":"","ocean_menu_typo_font_weight_mobile":"","ocean_menu_typo_transform":"","ocean_menu_typo_transform_tablet":"","ocean_menu_typo_transform_mobile":"","ocean_menu_typo_line_height":0,"ocean_menu_typo_line_height_tablet":0,"ocean_menu_typo_line_height_mobile":0,"ocean_menu_typo_line_height_unit":"","ocean_menu_typo_spacing":0,"ocean_menu_typo_spacing_tablet":0,"ocean_menu_typo_spacing_mobile":0,"ocean_menu_typo_spacing_unit":"","ocean_menu_link_color":"","ocean_menu_link_color_hover":"","ocean_menu_link_color_active":"","ocean_menu_link_background":"","ocean_menu_link_hover_background":"","ocean_menu_link_active_background":"","ocean_menu_social_links_bg":"","ocean_menu_social_hover_links_bg":"","ocean_menu_social_links_color":"","ocean_menu_social_hover_links_color":"","ocean_disable_title":"default","ocean_disable_heading":"default","ocean_post_title":"","ocean_post_subheading":"","ocean_post_title_style":"","ocean_post_title_background_color":"","ocean_post_title_background":0,"ocean_post_title_bg_image_position":"","ocean_post_title_bg_image_attachment":"","ocean_post_title_bg_image_repeat":"","ocean_post_title_bg_image_size":"","ocean_post_title_height":0,"ocean_post_title_bg_overlay":0.5,"ocean_post_title_bg_overlay_color":"","ocean_disable_breadcrumbs":"default","ocean_breadcrumbs_color":"","ocean_breadcrumbs_separator_color":"","ocean_breadcrumbs_links_color":"","ocean_breadcrumbs_links_hover_color":"","ocean_display_footer_widgets":"default","ocean_display_footer_bottom":"default","ocean_custom_footer_template":"0","footnotes":""},"class_list":["post-1198","page","type-page","status-publish","hentry","entry"],"yoast_head":"<!-- This site is optimized with the Yoast SEO plugin v27.4 - https:\/\/yoast.com\/product\/yoast-seo-wordpress\/ -->\n<title>Daphn\u00e9, sous l&#039;\u00e9corce nouvelle - Rafa\u00eble Ide<\/title>\n<meta name=\"robots\" content=\"index, follow, max-snippet:-1, max-image-preview:large, max-video-preview:-1\" \/>\n<link rel=\"canonical\" href=\"https:\/\/rafaeleide.com\/index.php\/daphne-sous-lecorce-nouvelle\/\" \/>\n<meta property=\"og:locale\" content=\"fr_FR\" \/>\n<meta property=\"og:type\" content=\"article\" \/>\n<meta property=\"og:title\" content=\"Daphn\u00e9, sous l&#039;\u00e9corce nouvelle - Rafa\u00eble Ide\" \/>\n<meta property=\"og:description\" content=\"Daphn\u00e9, sous l\u2019\u00e9corce nouvelle 2025Gravures carborendum et pointe s\u00e8che rehauss\u00e9es\u00a0au pastel \u00e0 l\u2019huile\u00a0sur\u00a0papier Fabriano 285g40\u00a0x 30 cm\u00a0 \u00a0 \u00a0 \u00a0 \u00a0 \u00a0 \u00a0 \u00a0 \u00a0 \u00a0\" \/>\n<meta property=\"og:url\" content=\"https:\/\/rafaeleide.com\/index.php\/daphne-sous-lecorce-nouvelle\/\" \/>\n<meta property=\"og:site_name\" content=\"Rafa\u00eble Ide\" \/>\n<meta property=\"article:modified_time\" content=\"2026-04-13T21:00:57+00:00\" \/>\n<meta property=\"og:image\" content=\"https:\/\/rafaeleide.com\/wp-content\/uploads\/2026\/04\/A-linstant-2025.jpg\" \/>\n\t<meta property=\"og:image:width\" content=\"591\" \/>\n\t<meta property=\"og:image:height\" content=\"736\" \/>\n\t<meta property=\"og:image:type\" content=\"image\/jpeg\" \/>\n<meta name=\"twitter:card\" content=\"summary_large_image\" \/>\n<meta name=\"twitter:label1\" content=\"Dur\u00e9e de lecture estim\u00e9e\" \/>\n\t<meta name=\"twitter:data1\" content=\"2 minutes\" \/>\n<script type=\"application\/ld+json\" class=\"yoast-schema-graph\">{\"@context\":\"https:\\\/\\\/schema.org\",\"@graph\":[{\"@type\":\"WebPage\",\"@id\":\"https:\\\/\\\/rafaeleide.com\\\/index.php\\\/daphne-sous-lecorce-nouvelle\\\/\",\"url\":\"https:\\\/\\\/rafaeleide.com\\\/index.php\\\/daphne-sous-lecorce-nouvelle\\\/\",\"name\":\"Daphn\u00e9, sous l'\u00e9corce nouvelle - Rafa\u00eble Ide\",\"isPartOf\":{\"@id\":\"https:\\\/\\\/rafaeleide.com\\\/#website\"},\"primaryImageOfPage\":{\"@id\":\"https:\\\/\\\/rafaeleide.com\\\/index.php\\\/daphne-sous-lecorce-nouvelle\\\/#primaryimage\"},\"image\":{\"@id\":\"https:\\\/\\\/rafaeleide.com\\\/index.php\\\/daphne-sous-lecorce-nouvelle\\\/#primaryimage\"},\"thumbnailUrl\":\"https:\\\/\\\/rafaeleide.com\\\/wp-content\\\/uploads\\\/2026\\\/04\\\/A-linstant-2025.jpg\",\"datePublished\":\"2026-04-07T20:56:26+00:00\",\"dateModified\":\"2026-04-13T21:00:57+00:00\",\"breadcrumb\":{\"@id\":\"https:\\\/\\\/rafaeleide.com\\\/index.php\\\/daphne-sous-lecorce-nouvelle\\\/#breadcrumb\"},\"inLanguage\":\"fr-FR\",\"potentialAction\":[{\"@type\":\"ReadAction\",\"target\":[\"https:\\\/\\\/rafaeleide.com\\\/index.php\\\/daphne-sous-lecorce-nouvelle\\\/\"]}]},{\"@type\":\"ImageObject\",\"inLanguage\":\"fr-FR\",\"@id\":\"https:\\\/\\\/rafaeleide.com\\\/index.php\\\/daphne-sous-lecorce-nouvelle\\\/#primaryimage\",\"url\":\"https:\\\/\\\/rafaeleide.com\\\/wp-content\\\/uploads\\\/2026\\\/04\\\/A-linstant-2025.jpg\",\"contentUrl\":\"https:\\\/\\\/rafaeleide.com\\\/wp-content\\\/uploads\\\/2026\\\/04\\\/A-linstant-2025.jpg\",\"width\":591,\"height\":736},{\"@type\":\"BreadcrumbList\",\"@id\":\"https:\\\/\\\/rafaeleide.com\\\/index.php\\\/daphne-sous-lecorce-nouvelle\\\/#breadcrumb\",\"itemListElement\":[{\"@type\":\"ListItem\",\"position\":1,\"name\":\"Home\",\"item\":\"https:\\\/\\\/rafaeleide.com\\\/\"},{\"@type\":\"ListItem\",\"position\":2,\"name\":\"Daphn\u00e9, sous l&rsquo;\u00e9corce nouvelle\"}]},{\"@type\":\"WebSite\",\"@id\":\"https:\\\/\\\/rafaeleide.com\\\/#website\",\"url\":\"https:\\\/\\\/rafaeleide.com\\\/\",\"name\":\"Rafa\u00eble Ide\",\"description\":\"\",\"publisher\":{\"@id\":\"https:\\\/\\\/rafaeleide.com\\\/#organization\"},\"potentialAction\":[{\"@type\":\"SearchAction\",\"target\":{\"@type\":\"EntryPoint\",\"urlTemplate\":\"https:\\\/\\\/rafaeleide.com\\\/?s={search_term_string}\"},\"query-input\":{\"@type\":\"PropertyValueSpecification\",\"valueRequired\":true,\"valueName\":\"search_term_string\"}}],\"inLanguage\":\"fr-FR\"},{\"@type\":\"Organization\",\"@id\":\"https:\\\/\\\/rafaeleide.com\\\/#organization\",\"name\":\"Rafa\u00eble Ide\",\"url\":\"https:\\\/\\\/rafaeleide.com\\\/\",\"logo\":{\"@type\":\"ImageObject\",\"inLanguage\":\"fr-FR\",\"@id\":\"https:\\\/\\\/rafaeleide.com\\\/#\\\/schema\\\/logo\\\/image\\\/\",\"url\":\"https:\\\/\\\/rafaeleide.com\\\/wp-content\\\/uploads\\\/2026\\\/02\\\/cropped-cropped-cropped-cropped-Rafaele-Ide-logo-1-1.png\",\"contentUrl\":\"https:\\\/\\\/rafaeleide.com\\\/wp-content\\\/uploads\\\/2026\\\/02\\\/cropped-cropped-cropped-cropped-Rafaele-Ide-logo-1-1.png\",\"width\":511,\"height\":140,\"caption\":\"Rafa\u00eble Ide\"},\"image\":{\"@id\":\"https:\\\/\\\/rafaeleide.com\\\/#\\\/schema\\\/logo\\\/image\\\/\"}}]}<\/script>\n<!-- \/ Yoast SEO plugin. -->","yoast_head_json":{"title":"Daphn\u00e9, sous l'\u00e9corce nouvelle - Rafa\u00eble Ide","robots":{"index":"index","follow":"follow","max-snippet":"max-snippet:-1","max-image-preview":"max-image-preview:large","max-video-preview":"max-video-preview:-1"},"canonical":"https:\/\/rafaeleide.com\/index.php\/daphne-sous-lecorce-nouvelle\/","og_locale":"fr_FR","og_type":"article","og_title":"Daphn\u00e9, sous l'\u00e9corce nouvelle - Rafa\u00eble Ide","og_description":"Daphn\u00e9, sous l\u2019\u00e9corce nouvelle 2025Gravures carborendum et pointe s\u00e8che rehauss\u00e9es\u00a0au pastel \u00e0 l\u2019huile\u00a0sur\u00a0papier Fabriano 285g40\u00a0x 30 cm\u00a0 \u00a0 \u00a0 \u00a0 \u00a0 \u00a0 \u00a0 \u00a0 \u00a0 \u00a0","og_url":"https:\/\/rafaeleide.com\/index.php\/daphne-sous-lecorce-nouvelle\/","og_site_name":"Rafa\u00eble Ide","article_modified_time":"2026-04-13T21:00:57+00:00","og_image":[{"width":591,"height":736,"url":"https:\/\/rafaeleide.com\/wp-content\/uploads\/2026\/04\/A-linstant-2025.jpg","type":"image\/jpeg"}],"twitter_card":"summary_large_image","twitter_misc":{"Dur\u00e9e de lecture estim\u00e9e":"2 minutes"},"schema":{"@context":"https:\/\/schema.org","@graph":[{"@type":"WebPage","@id":"https:\/\/rafaeleide.com\/index.php\/daphne-sous-lecorce-nouvelle\/","url":"https:\/\/rafaeleide.com\/index.php\/daphne-sous-lecorce-nouvelle\/","name":"Daphn\u00e9, sous l'\u00e9corce nouvelle - Rafa\u00eble Ide","isPartOf":{"@id":"https:\/\/rafaeleide.com\/#website"},"primaryImageOfPage":{"@id":"https:\/\/rafaeleide.com\/index.php\/daphne-sous-lecorce-nouvelle\/#primaryimage"},"image":{"@id":"https:\/\/rafaeleide.com\/index.php\/daphne-sous-lecorce-nouvelle\/#primaryimage"},"thumbnailUrl":"https:\/\/rafaeleide.com\/wp-content\/uploads\/2026\/04\/A-linstant-2025.jpg","datePublished":"2026-04-07T20:56:26+00:00","dateModified":"2026-04-13T21:00:57+00:00","breadcrumb":{"@id":"https:\/\/rafaeleide.com\/index.php\/daphne-sous-lecorce-nouvelle\/#breadcrumb"},"inLanguage":"fr-FR","potentialAction":[{"@type":"ReadAction","target":["https:\/\/rafaeleide.com\/index.php\/daphne-sous-lecorce-nouvelle\/"]}]},{"@type":"ImageObject","inLanguage":"fr-FR","@id":"https:\/\/rafaeleide.com\/index.php\/daphne-sous-lecorce-nouvelle\/#primaryimage","url":"https:\/\/rafaeleide.com\/wp-content\/uploads\/2026\/04\/A-linstant-2025.jpg","contentUrl":"https:\/\/rafaeleide.com\/wp-content\/uploads\/2026\/04\/A-linstant-2025.jpg","width":591,"height":736},{"@type":"BreadcrumbList","@id":"https:\/\/rafaeleide.com\/index.php\/daphne-sous-lecorce-nouvelle\/#breadcrumb","itemListElement":[{"@type":"ListItem","position":1,"name":"Home","item":"https:\/\/rafaeleide.com\/"},{"@type":"ListItem","position":2,"name":"Daphn\u00e9, sous l&rsquo;\u00e9corce nouvelle"}]},{"@type":"WebSite","@id":"https:\/\/rafaeleide.com\/#website","url":"https:\/\/rafaeleide.com\/","name":"Rafa\u00eble Ide","description":"","publisher":{"@id":"https:\/\/rafaeleide.com\/#organization"},"potentialAction":[{"@type":"SearchAction","target":{"@type":"EntryPoint","urlTemplate":"https:\/\/rafaeleide.com\/?s={search_term_string}"},"query-input":{"@type":"PropertyValueSpecification","valueRequired":true,"valueName":"search_term_string"}}],"inLanguage":"fr-FR"},{"@type":"Organization","@id":"https:\/\/rafaeleide.com\/#organization","name":"Rafa\u00eble Ide","url":"https:\/\/rafaeleide.com\/","logo":{"@type":"ImageObject","inLanguage":"fr-FR","@id":"https:\/\/rafaeleide.com\/#\/schema\/logo\/image\/","url":"https:\/\/rafaeleide.com\/wp-content\/uploads\/2026\/02\/cropped-cropped-cropped-cropped-Rafaele-Ide-logo-1-1.png","contentUrl":"https:\/\/rafaeleide.com\/wp-content\/uploads\/2026\/02\/cropped-cropped-cropped-cropped-Rafaele-Ide-logo-1-1.png","width":511,"height":140,"caption":"Rafa\u00eble Ide"},"image":{"@id":"https:\/\/rafaeleide.com\/#\/schema\/logo\/image\/"}}]}},"_links":{"self":[{"href":"https:\/\/rafaeleide.com\/index.php\/wp-json\/wp\/v2\/pages\/1198","targetHints":{"allow":["GET"]}}],"collection":[{"href":"https:\/\/rafaeleide.com\/index.php\/wp-json\/wp\/v2\/pages"}],"about":[{"href":"https:\/\/rafaeleide.com\/index.php\/wp-json\/wp\/v2\/types\/page"}],"author":[{"embeddable":true,"href":"https:\/\/rafaeleide.com\/index.php\/wp-json\/wp\/v2\/users\/3"}],"replies":[{"embeddable":true,"href":"https:\/\/rafaeleide.com\/index.php\/wp-json\/wp\/v2\/comments?post=1198"}],"version-history":[{"count":41,"href":"https:\/\/rafaeleide.com\/index.php\/wp-json\/wp\/v2\/pages\/1198\/revisions"}],"predecessor-version":[{"id":1552,"href":"https:\/\/rafaeleide.com\/index.php\/wp-json\/wp\/v2\/pages\/1198\/revisions\/1552"}],"wp:attachment":[{"href":"https:\/\/rafaeleide.com\/index.php\/wp-json\/wp\/v2\/media?parent=1198"}],"curies":[{"name":"wp","href":"https:\/\/api.w.org\/{rel}","templated":true}]}}