{"id":1383,"date":"2026-04-12T16:44:52","date_gmt":"2026-04-12T16:44:52","guid":{"rendered":"https:\/\/rafaeleide.com\/?page_id=1383"},"modified":"2026-04-12T17:49:24","modified_gmt":"2026-04-12T17:49:24","slug":"cv","status":"publish","type":"page","link":"https:\/\/rafaeleide.com\/index.php\/cv\/","title":{"rendered":"CV"},"content":{"rendered":"\t\t<div data-elementor-type=\"wp-page\" data-elementor-id=\"1383\" class=\"elementor elementor-1383\">\n\t\t\t\t<div class=\"elementor-element elementor-element-e41f071 e-transform e-transform e-flex e-con-boxed e-con e-parent\" data-id=\"e41f071\" data-element_type=\"container\" data-e-type=\"container\" data-settings=\"{&quot;_transform_translateX_effect&quot;:{&quot;unit&quot;:&quot;px&quot;,&quot;size&quot;:101,&quot;sizes&quot;:[]},&quot;_transform_translateX_effect_mobile&quot;:{&quot;unit&quot;:&quot;px&quot;,&quot;size&quot;:-67,&quot;sizes&quot;:[]},&quot;_transform_scale_effect&quot;:{&quot;unit&quot;:&quot;px&quot;,&quot;size&quot;:0.9,&quot;sizes&quot;:[]},&quot;_transform_translateX_effect_tablet&quot;:{&quot;unit&quot;:&quot;px&quot;,&quot;size&quot;:&quot;&quot;,&quot;sizes&quot;:[]},&quot;_transform_translateY_effect&quot;:{&quot;unit&quot;:&quot;px&quot;,&quot;size&quot;:&quot;&quot;,&quot;sizes&quot;:[]},&quot;_transform_translateY_effect_tablet&quot;:{&quot;unit&quot;:&quot;px&quot;,&quot;size&quot;:&quot;&quot;,&quot;sizes&quot;:[]},&quot;_transform_translateY_effect_mobile&quot;:{&quot;unit&quot;:&quot;px&quot;,&quot;size&quot;:&quot;&quot;,&quot;sizes&quot;:[]},&quot;_transform_scale_effect_tablet&quot;:{&quot;unit&quot;:&quot;px&quot;,&quot;size&quot;:&quot;&quot;,&quot;sizes&quot;:[]},&quot;_transform_scale_effect_mobile&quot;:{&quot;unit&quot;:&quot;px&quot;,&quot;size&quot;:&quot;&quot;,&quot;sizes&quot;:[]}}\">\n\t\t\t\t\t<div class=\"e-con-inner\">\n\t\t\t\t<div class=\"elementor-element elementor-element-4928594 elementor-widget__width-initial e-transform e-transform e-transform elementor-widget elementor-widget-text-editor\" data-id=\"4928594\" data-element_type=\"widget\" data-e-type=\"widget\" data-settings=\"{&quot;_transform_rotateZ_effect&quot;:{&quot;unit&quot;:&quot;px&quot;,&quot;size&quot;:&quot;&quot;,&quot;sizes&quot;:[]},&quot;_transform_rotateZ_effect_tablet&quot;:{&quot;unit&quot;:&quot;deg&quot;,&quot;size&quot;:&quot;&quot;,&quot;sizes&quot;:[]},&quot;_transform_rotateZ_effect_mobile&quot;:{&quot;unit&quot;:&quot;deg&quot;,&quot;size&quot;:&quot;&quot;,&quot;sizes&quot;:[]},&quot;_transform_translateX_effect&quot;:{&quot;unit&quot;:&quot;px&quot;,&quot;size&quot;:&quot;&quot;,&quot;sizes&quot;:[]},&quot;_transform_translateX_effect_tablet&quot;:{&quot;unit&quot;:&quot;px&quot;,&quot;size&quot;:&quot;&quot;,&quot;sizes&quot;:[]},&quot;_transform_translateX_effect_mobile&quot;:{&quot;unit&quot;:&quot;px&quot;,&quot;size&quot;:&quot;&quot;,&quot;sizes&quot;:[]},&quot;_transform_translateY_effect&quot;:{&quot;unit&quot;:&quot;px&quot;,&quot;size&quot;:&quot;&quot;,&quot;sizes&quot;:[]},&quot;_transform_translateY_effect_tablet&quot;:{&quot;unit&quot;:&quot;px&quot;,&quot;size&quot;:&quot;&quot;,&quot;sizes&quot;:[]},&quot;_transform_translateY_effect_mobile&quot;:{&quot;unit&quot;:&quot;px&quot;,&quot;size&quot;:&quot;&quot;,&quot;sizes&quot;:[]},&quot;_transform_scale_effect&quot;:{&quot;unit&quot;:&quot;px&quot;,&quot;size&quot;:&quot;&quot;,&quot;sizes&quot;:[]},&quot;_transform_scale_effect_tablet&quot;:{&quot;unit&quot;:&quot;px&quot;,&quot;size&quot;:&quot;&quot;,&quot;sizes&quot;:[]},&quot;_transform_scale_effect_mobile&quot;:{&quot;unit&quot;:&quot;px&quot;,&quot;size&quot;:&quot;&quot;,&quot;sizes&quot;:[]}}\" data-widget_type=\"text-editor.default\">\n\t\t\t\t\t\t\t\t\t<p style=\"text-align: left;\"><span style=\"color: #6e6e6e;\"><span style=\"font-family: Arial, sans-serif;\"><span style=\"font-size: small;\"><span style=\"color: #333333;\">2026<\/span><br \/><\/span><\/span><span style=\"font-family: Arial, sans-serif;\"><span style=\"font-size: small;\">PAGE(S) en Mai, Bastille Design Center \u2013 Paris 75011<br \/><\/span><\/span><span style=\"font-size: small; font-family: Arial, sans-serif;\">Journ\u00e9es de l\u2019Estampe, Place Saint Sulpice \u2013 Paris 75006<\/span><\/span><\/p><p style=\"text-align: left;\"><span style=\"color: #6e6e6e;\"><span style=\"font-family: Arial, sans-serif;\"><span style=\"font-size: small;\"><span style=\"color: #333333;\">2025<\/span><br \/><\/span><\/span><span style=\"font-family: Arial, sans-serif;\"><span style=\"font-size: small;\">PAGE(S) en Novembre, Palais de la Femme \u2013 Paris 75011<br \/><\/span><\/span><span style=\"font-family: Arial, sans-serif;\"><span style=\"font-size: small;\">300 Livres sur Table L\u2019enseigne des Oudin \u2013 Paris 75010<br \/><\/span><\/span><span style=\"font-family: Arial, sans-serif;\"><span style=\"font-size: small;\">Journ\u00e9es Europ\u00e9ennes du Patrimoine, <i>Daphn\u00e9, sous l\u2019\u00e9corce nouvelle<\/i>, Chapelle du Manoir de Fourneux &#8211; Saumur<br \/><\/span><\/span><span style=\"font-family: Arial, sans-serif;\"><span style=\"font-size: small;\">Made Anywhere, Fondation Fiminco \u2013 Romainville<br \/><\/span><\/span><span style=\"font-family: Arial, sans-serif;\"><span style=\"font-size: small;\">Journ\u00e9es de l\u2019Estampe, Place Saint Sulpice \u2013 Paris 75006<\/span><\/span><\/span><\/p><p style=\"text-align: left;\"><span style=\"color: #6e6e6e;\"><span style=\"font-family: Arial, sans-serif;\"><span style=\"font-size: small;\"><span style=\"color: #333333;\">2024<\/span><br \/><\/span><\/span><span style=\"font-family: Arial, sans-serif;\"><span style=\"font-size: small;\">PAGE(S) en Novembre,<br \/>Palais de la Femme \u2013 Paris 75011<br \/><\/span><\/span><\/span><span style=\"font-family: Arial, sans-serif; color: #6e6e6e;\"><span style=\"font-size: small;\">Art\u2019inFolio \u2013 Rodez<br \/><\/span><\/span><span style=\"font-family: Arial, sans-serif; color: #6e6e6e;\"><span style=\"font-size: small;\">Journ\u00e9es de l\u2019Estampe, Place Saint Sulpice \u2013 Paris 75006<br \/><\/span><\/span><span style=\"font-family: Arial, sans-serif; color: #6e6e6e;\"><span style=\"font-size: small;\">PAGE(S) en Mai, Bastille Design Center \u2013 Paris 75011<br \/><\/span><\/span><span style=\"font-family: Arial, sans-serif; color: #6e6e6e;\"><span style=\"font-size: small;\">L\u2019enseigne des Oudin, Livres sur Table \u2013 Paris 75010<br \/><\/span><\/span><\/p><p style=\"text-align: left;\"><span style=\"font-family: Arial, sans-serif; color: #6e6e6e;\"><span style=\"font-size: small;\"><br \/>Expositions personnelles (S\u00e9lection)<br \/><\/span><\/span><span style=\"font-family: Arial, sans-serif; color: #6e6e6e;\"><span style=\"font-size: small;\">Journ\u00e9es Europ\u00e9ennes du Patrimoine, <i>Daphn\u00e9, sous l\u2019\u00e9corce nouvelle<\/i>, Chapelle du Manoir de Fourneux \u2013 Saumur<br \/><\/span><\/span><span style=\"font-family: Arial, sans-serif; color: #6e6e6e;\"><span style=\"font-size: small;\">M\u00e9diath\u00e8que du ROUDOUR,<i> <\/i><i>Les loups du bois de la Teugne<\/i><i> <\/i>\u2013 Morlaix <br \/><\/span><\/span><span style=\"font-family: Arial, sans-serif; color: #6e6e6e;\"><span style=\"font-size: small;\">Centre d\u2019Art Contemporain Bouvet Ladubay,<i> \u00c9<\/i><i>volution libre<\/i><i> <\/i>\u2013 Saumur <br \/><\/span><\/span><span style=\"font-family: Arial, sans-serif; color: #6e6e6e;\"><span style=\"font-size: small;\">Librairie Chantelivre,<i> <\/i><i>Rafa\u00eble Ide \u2013 Collection Phil&amp;Arth<\/i><i> <\/i>\u2013 Paris<br \/><\/span><\/span><span style=\"font-family: Arial, sans-serif; color: #6e6e6e;\"><span style=\"font-size: small;\">Jean-louis Breux Contemporary Art, <i>\u00c9<\/i><i>volution libre &#8211; <\/i>Houston \u2013 Texas <br \/><\/span><\/span><span style=\"font-family: Arial, sans-serif; color: #6e6e6e;\"><span style=\"font-size: small;\">Moments artistiques chez Christian Aubert, <i>La Maison d\u2019Antonin &#8211; <\/i>Paris <br \/><\/span><\/span><span style=\"font-family: Arial, sans-serif; color: #6e6e6e;\"><span style=\"font-size: small;\">Galerie Lise &amp; Henri de Menthon, <i>P\u00e9tra, dialogues de pierres &#8211; <\/i>Paris<br \/><\/span><\/span><span style=\"font-family: Arial, sans-serif; color: #6e6e6e;\"><span style=\"font-size: small;\">Moments artistiques chez Christian Aubert, <i>Pailles et plis &#8211; <\/i>Paris<br \/><\/span><\/span><span style=\"font-family: Arial, sans-serif; color: #6e6e6e;\"><span style=\"font-size: small;\">Prieur\u00e9 Saint Gabriel, <i>C\u00e8ne, Sc\u00e8nes &#8211; <\/i>Basse-Normandie <br \/><\/span><\/span><span style=\"font-family: Arial, sans-serif; color: #6e6e6e;\"><span style=\"font-size: small;\">Centre Culturel Fran\u00e7ais d&rsquo;Amman, <i>P\u00e9tra, dialogues de pierres<\/i> \u2013 Jordanie <br \/><\/span><\/span><span style=\"font-family: Arial, sans-serif; color: #6e6e6e;\"><span style=\"font-size: small;\">Gallery \u201c4walls\u201c, <i>P\u00e9tra, dialogues de pierres &#8211; <\/i>Amman \u2013 Jordanie \/ Poltrona Frau, Paris<\/span><\/span><\/p><p style=\"text-align: left;\"><span style=\"font-family: Arial, sans-serif; color: #6e6e6e;\"><span style=\"font-size: small;\"><br \/><\/span><\/span><span style=\"font-family: Arial, sans-serif; color: #6e6e6e;\"><span style=\"font-size: small;\">Expositions collectives (S\u00e9lection)<br \/><\/span><\/span><span style=\"font-family: Arial, sans-serif; color: #6e6e6e;\"><span style=\"font-size: small;\">Enseigne des Oudin,<i> <\/i><i>300 livres sur table<\/i><i> <\/i>\u2013 Paris \/ Mus\u00e9e de Charleville M\u00e9zi\u00e8res, <i>Les illustratrices de Rimbaud<\/i>&#8211; Charleville M\u00e9zi\u00e8res \/ Art\u2019inFolio \u2013 Rodez \/ Art en Livres \u2013 Nevers \/ PAGE(S) en Mai et Novembre \u2013 Paris \/ Salon de la Petite \u00c9dition \u2013 Morlaix \/<br \/>M\u00e9diath\u00e8que du ROUDOUR \u2013 Morlaix \/ Artha\u00e9 &#8211; Salon du livre d\u2019artiste &#8211; La Rochelle \/ Les rencontres d\u2019Aubrac,<i> <\/i><i>Nemotecknic<\/i><i> <\/i>\u2013 Espalion \/ Sillages, <i>5 artistes du Livre d\u2019artiste<\/i> \u2013 Paris \/ Carr\u00e9 d&rsquo;Art- N\u00eemes \/ Collection Lefranc &amp; Bourgeois &#8211; Mus\u00e9e de Tess\u00e9, Le Mans \/ Fondation Coprim, <i>Paroles d\u2019artistes<\/i>, Paris<\/span><\/span><\/p><p style=\"text-align: left;\"><span style=\"font-family: Arial, sans-serif; color: #6e6e6e;\"><span style=\"font-size: small;\"><span style=\"color: #333333;\">Acquisitions, collections publiques et priv\u00e9es<\/span><br \/><\/span><\/span><span style=\"font-family: Arial, sans-serif; color: #6e6e6e;\"><span style=\"font-size: small;\">M\u00e9diath\u00e8que de Rodez \/ Biblioth\u00e8que de Chalon-sur-Sa\u00f4ne \/ M\u00e9diath\u00e8que du Valais \u2013 Martigny, Suisse \/ M\u00e9diath\u00e8que Andr\u00e9 Malraux \u2013 Strasbourg \/ Mus\u00e9e et m\u00e9diath\u00e8que de Charleville M\u00e9zi\u00e8res \/ Biblioth\u00e8que Quintaou \u2013 Anglet \/ BCU Lausanne \u2013 Suisse\u00a0<br \/>Biblioth\u00e8que Forney \u2013 Paris \/ Biblioth\u00e8que et M\u00e9diath\u00e8que D\u00e9partemental de B\u00e9ziers \/ Biblioth\u00e8que et M\u00e9diath\u00e8que de Bayonne\u00a0 Biblioth\u00e8que d&rsquo;Etude et du Patrimoine \u2013 Toulouse \/ Carr\u00e9 d&rsquo;Art de N\u00eemes \/ Mus\u00e9e du Scaphandre \u2013 Espalion\u00a0<br \/>Biblioth\u00e8que Municipale de Dijon \/ Minist\u00e8re du Tourisme Portugais &#8211; Paris \/ Conseil G\u00e9n\u00e9ral de la Creuse &#8211; Gueret\u00a0<br \/>La Collection Lefranc &amp; Bourgeois &#8211; Le Mans \/ Lyons Club &#8211; Ville de Clichy-la-Garenne \/ Soci\u00e9t\u00e9 Calvet \u2013 Bordeaux \/ M\u00e9c\u00e9nat Rodier \u2013 Paris R.A.T.P. &#8211; Paris \/ Centre culturel fran\u00e7ais d&rsquo;Amman &#8211; Jordanie \/ Collection Jean Pigozzi &#8211; Gen\u00e8ve &#8211; New York<\/span><\/span><\/p><p class=\"western\" style=\"text-align: left;\"><span style=\"font-family: Arial, sans-serif; color: #6e6e6e;\"><span style=\"font-size: small;\"><span style=\"color: #333333;\">Presse et catalogues, Catalogue<\/span> <br \/><\/span><\/span><span style=\"color: #6e6e6e;\"><span style=\"font-family: Arial, sans-serif;\"><span style=\"font-size: small;\">Art &amp; M\u00e9tiers du livre (n\u00b0353, 349, 323), <br \/>Catalogue \u201cLes illustratrices de Rimbaud\u201c 2022 &#8211; Zo\u00e9 Monti, commissaire d\u2019exposition, Catalogues Page(s.<\/span><\/span><\/span><\/p>\t\t\t\t\t\t\t\t<\/div>\n\t\t\t\t\t<\/div>\n\t\t\t\t<\/div>\n\t\t\t\t<\/div>\n\t\t","protected":false},"excerpt":{"rendered":"<p>2026PAGE(S) en Mai, Bastille Design Center \u2013 Paris 75011Journ\u00e9es de l\u2019Estampe, Place Saint Sulpice \u2013 Paris 75006 2025PAGE(S) en Novembre, Palais de la Femme \u2013 Paris 75011300 Livres sur Table L\u2019enseigne des Oudin \u2013 Paris 75010Journ\u00e9es Europ\u00e9ennes du Patrimoine, Daphn\u00e9, sous l\u2019\u00e9corce nouvelle, Chapelle du Manoir de Fourneux &#8211; SaumurMade Anywhere, Fondation Fiminco \u2013 RomainvilleJourn\u00e9es [&hellip;]<\/p>\n","protected":false},"author":3,"featured_media":0,"parent":0,"menu_order":0,"comment_status":"closed","ping_status":"closed","template":"","meta":{"ocean_post_layout":"","ocean_both_sidebars_style":"","ocean_both_sidebars_content_width":0,"ocean_both_sidebars_sidebars_width":0,"ocean_sidebar":"0","ocean_second_sidebar":"0","ocean_disable_margins":"enable","ocean_add_body_class":"","ocean_shortcode_before_top_bar":"","ocean_shortcode_after_top_bar":"","ocean_shortcode_before_header":"","ocean_shortcode_after_header":"","ocean_has_shortcode":"","ocean_shortcode_after_title":"","ocean_shortcode_before_footer_widgets":"","ocean_shortcode_after_footer_widgets":"","ocean_shortcode_before_footer_bottom":"","ocean_shortcode_after_footer_bottom":"","ocean_display_top_bar":"default","ocean_display_header":"default","ocean_header_style":"","ocean_center_header_left_menu":"0","ocean_custom_header_template":"0","ocean_custom_logo":0,"ocean_custom_retina_logo":0,"ocean_custom_logo_max_width":0,"ocean_custom_logo_tablet_max_width":0,"ocean_custom_logo_mobile_max_width":0,"ocean_custom_logo_max_height":0,"ocean_custom_logo_tablet_max_height":0,"ocean_custom_logo_mobile_max_height":0,"ocean_header_custom_menu":"0","ocean_menu_typo_font_family":"0","ocean_menu_typo_font_subset":"","ocean_menu_typo_font_size":0,"ocean_menu_typo_font_size_tablet":0,"ocean_menu_typo_font_size_mobile":0,"ocean_menu_typo_font_size_unit":"px","ocean_menu_typo_font_weight":"","ocean_menu_typo_font_weight_tablet":"","ocean_menu_typo_font_weight_mobile":"","ocean_menu_typo_transform":"","ocean_menu_typo_transform_tablet":"","ocean_menu_typo_transform_mobile":"","ocean_menu_typo_line_height":0,"ocean_menu_typo_line_height_tablet":0,"ocean_menu_typo_line_height_mobile":0,"ocean_menu_typo_line_height_unit":"","ocean_menu_typo_spacing":0,"ocean_menu_typo_spacing_tablet":0,"ocean_menu_typo_spacing_mobile":0,"ocean_menu_typo_spacing_unit":"","ocean_menu_link_color":"","ocean_menu_link_color_hover":"","ocean_menu_link_color_active":"","ocean_menu_link_background":"","ocean_menu_link_hover_background":"","ocean_menu_link_active_background":"","ocean_menu_social_links_bg":"","ocean_menu_social_hover_links_bg":"","ocean_menu_social_links_color":"","ocean_menu_social_hover_links_color":"","ocean_disable_title":"default","ocean_disable_heading":"default","ocean_post_title":"","ocean_post_subheading":"","ocean_post_title_style":"","ocean_post_title_background_color":"","ocean_post_title_background":0,"ocean_post_title_bg_image_position":"","ocean_post_title_bg_image_attachment":"","ocean_post_title_bg_image_repeat":"","ocean_post_title_bg_image_size":"","ocean_post_title_height":0,"ocean_post_title_bg_overlay":0.5,"ocean_post_title_bg_overlay_color":"","ocean_disable_breadcrumbs":"default","ocean_breadcrumbs_color":"","ocean_breadcrumbs_separator_color":"","ocean_breadcrumbs_links_color":"","ocean_breadcrumbs_links_hover_color":"","ocean_display_footer_widgets":"default","ocean_display_footer_bottom":"default","ocean_custom_footer_template":"0","footnotes":""},"class_list":["post-1383","page","type-page","status-publish","hentry","entry"],"yoast_head":"<!-- This site is optimized with the Yoast SEO plugin v27.4 - https:\/\/yoast.com\/product\/yoast-seo-wordpress\/ -->\n<title>CV - Rafa\u00eble Ide<\/title>\n<meta name=\"robots\" content=\"index, follow, max-snippet:-1, max-image-preview:large, max-video-preview:-1\" \/>\n<link rel=\"canonical\" href=\"https:\/\/rafaeleide.com\/index.php\/cv\/\" \/>\n<meta property=\"og:locale\" content=\"fr_FR\" \/>\n<meta property=\"og:type\" content=\"article\" \/>\n<meta property=\"og:title\" content=\"CV - Rafa\u00eble Ide\" \/>\n<meta property=\"og:description\" content=\"2026PAGE(S) en Mai, Bastille Design Center \u2013 Paris 75011Journ\u00e9es de l\u2019Estampe, Place Saint Sulpice \u2013 Paris 75006 2025PAGE(S) en Novembre, Palais de la Femme \u2013 Paris 75011300 Livres sur Table L\u2019enseigne des Oudin \u2013 Paris 75010Journ\u00e9es Europ\u00e9ennes du Patrimoine, Daphn\u00e9, sous l\u2019\u00e9corce nouvelle, Chapelle du Manoir de Fourneux &#8211; SaumurMade Anywhere, Fondation Fiminco \u2013 RomainvilleJourn\u00e9es [&hellip;]\" \/>\n<meta property=\"og:url\" content=\"https:\/\/rafaeleide.com\/index.php\/cv\/\" \/>\n<meta property=\"og:site_name\" content=\"Rafa\u00eble Ide\" \/>\n<meta property=\"article:modified_time\" content=\"2026-04-12T17:49:24+00:00\" \/>\n<meta name=\"twitter:card\" content=\"summary_large_image\" \/>\n<meta name=\"twitter:label1\" content=\"Dur\u00e9e de lecture estim\u00e9e\" \/>\n\t<meta name=\"twitter:data1\" content=\"3 minutes\" \/>\n<script type=\"application\/ld+json\" class=\"yoast-schema-graph\">{\"@context\":\"https:\\\/\\\/schema.org\",\"@graph\":[{\"@type\":\"WebPage\",\"@id\":\"https:\\\/\\\/rafaeleide.com\\\/index.php\\\/cv\\\/\",\"url\":\"https:\\\/\\\/rafaeleide.com\\\/index.php\\\/cv\\\/\",\"name\":\"CV - Rafa\u00eble Ide\",\"isPartOf\":{\"@id\":\"https:\\\/\\\/rafaeleide.com\\\/#website\"},\"datePublished\":\"2026-04-12T16:44:52+00:00\",\"dateModified\":\"2026-04-12T17:49:24+00:00\",\"breadcrumb\":{\"@id\":\"https:\\\/\\\/rafaeleide.com\\\/index.php\\\/cv\\\/#breadcrumb\"},\"inLanguage\":\"fr-FR\",\"potentialAction\":[{\"@type\":\"ReadAction\",\"target\":[\"https:\\\/\\\/rafaeleide.com\\\/index.php\\\/cv\\\/\"]}]},{\"@type\":\"BreadcrumbList\",\"@id\":\"https:\\\/\\\/rafaeleide.com\\\/index.php\\\/cv\\\/#breadcrumb\",\"itemListElement\":[{\"@type\":\"ListItem\",\"position\":1,\"name\":\"Home\",\"item\":\"https:\\\/\\\/rafaeleide.com\\\/\"},{\"@type\":\"ListItem\",\"position\":2,\"name\":\"CV\"}]},{\"@type\":\"WebSite\",\"@id\":\"https:\\\/\\\/rafaeleide.com\\\/#website\",\"url\":\"https:\\\/\\\/rafaeleide.com\\\/\",\"name\":\"Rafa\u00eble Ide\",\"description\":\"\",\"publisher\":{\"@id\":\"https:\\\/\\\/rafaeleide.com\\\/#organization\"},\"potentialAction\":[{\"@type\":\"SearchAction\",\"target\":{\"@type\":\"EntryPoint\",\"urlTemplate\":\"https:\\\/\\\/rafaeleide.com\\\/?s={search_term_string}\"},\"query-input\":{\"@type\":\"PropertyValueSpecification\",\"valueRequired\":true,\"valueName\":\"search_term_string\"}}],\"inLanguage\":\"fr-FR\"},{\"@type\":\"Organization\",\"@id\":\"https:\\\/\\\/rafaeleide.com\\\/#organization\",\"name\":\"Rafa\u00eble Ide\",\"url\":\"https:\\\/\\\/rafaeleide.com\\\/\",\"logo\":{\"@type\":\"ImageObject\",\"inLanguage\":\"fr-FR\",\"@id\":\"https:\\\/\\\/rafaeleide.com\\\/#\\\/schema\\\/logo\\\/image\\\/\",\"url\":\"https:\\\/\\\/rafaeleide.com\\\/wp-content\\\/uploads\\\/2026\\\/02\\\/cropped-cropped-cropped-cropped-Rafaele-Ide-logo-1-1.png\",\"contentUrl\":\"https:\\\/\\\/rafaeleide.com\\\/wp-content\\\/uploads\\\/2026\\\/02\\\/cropped-cropped-cropped-cropped-Rafaele-Ide-logo-1-1.png\",\"width\":511,\"height\":140,\"caption\":\"Rafa\u00eble Ide\"},\"image\":{\"@id\":\"https:\\\/\\\/rafaeleide.com\\\/#\\\/schema\\\/logo\\\/image\\\/\"}}]}<\/script>\n<!-- \/ Yoast SEO plugin. -->","yoast_head_json":{"title":"CV - Rafa\u00eble Ide","robots":{"index":"index","follow":"follow","max-snippet":"max-snippet:-1","max-image-preview":"max-image-preview:large","max-video-preview":"max-video-preview:-1"},"canonical":"https:\/\/rafaeleide.com\/index.php\/cv\/","og_locale":"fr_FR","og_type":"article","og_title":"CV - Rafa\u00eble Ide","og_description":"2026PAGE(S) en Mai, Bastille Design Center \u2013 Paris 75011Journ\u00e9es de l\u2019Estampe, Place Saint Sulpice \u2013 Paris 75006 2025PAGE(S) en Novembre, Palais de la Femme \u2013 Paris 75011300 Livres sur Table L\u2019enseigne des Oudin \u2013 Paris 75010Journ\u00e9es Europ\u00e9ennes du Patrimoine, Daphn\u00e9, sous l\u2019\u00e9corce nouvelle, Chapelle du Manoir de Fourneux &#8211; SaumurMade Anywhere, Fondation Fiminco \u2013 RomainvilleJourn\u00e9es [&hellip;]","og_url":"https:\/\/rafaeleide.com\/index.php\/cv\/","og_site_name":"Rafa\u00eble Ide","article_modified_time":"2026-04-12T17:49:24+00:00","twitter_card":"summary_large_image","twitter_misc":{"Dur\u00e9e de lecture estim\u00e9e":"3 minutes"},"schema":{"@context":"https:\/\/schema.org","@graph":[{"@type":"WebPage","@id":"https:\/\/rafaeleide.com\/index.php\/cv\/","url":"https:\/\/rafaeleide.com\/index.php\/cv\/","name":"CV - Rafa\u00eble Ide","isPartOf":{"@id":"https:\/\/rafaeleide.com\/#website"},"datePublished":"2026-04-12T16:44:52+00:00","dateModified":"2026-04-12T17:49:24+00:00","breadcrumb":{"@id":"https:\/\/rafaeleide.com\/index.php\/cv\/#breadcrumb"},"inLanguage":"fr-FR","potentialAction":[{"@type":"ReadAction","target":["https:\/\/rafaeleide.com\/index.php\/cv\/"]}]},{"@type":"BreadcrumbList","@id":"https:\/\/rafaeleide.com\/index.php\/cv\/#breadcrumb","itemListElement":[{"@type":"ListItem","position":1,"name":"Home","item":"https:\/\/rafaeleide.com\/"},{"@type":"ListItem","position":2,"name":"CV"}]},{"@type":"WebSite","@id":"https:\/\/rafaeleide.com\/#website","url":"https:\/\/rafaeleide.com\/","name":"Rafa\u00eble Ide","description":"","publisher":{"@id":"https:\/\/rafaeleide.com\/#organization"},"potentialAction":[{"@type":"SearchAction","target":{"@type":"EntryPoint","urlTemplate":"https:\/\/rafaeleide.com\/?s={search_term_string}"},"query-input":{"@type":"PropertyValueSpecification","valueRequired":true,"valueName":"search_term_string"}}],"inLanguage":"fr-FR"},{"@type":"Organization","@id":"https:\/\/rafaeleide.com\/#organization","name":"Rafa\u00eble Ide","url":"https:\/\/rafaeleide.com\/","logo":{"@type":"ImageObject","inLanguage":"fr-FR","@id":"https:\/\/rafaeleide.com\/#\/schema\/logo\/image\/","url":"https:\/\/rafaeleide.com\/wp-content\/uploads\/2026\/02\/cropped-cropped-cropped-cropped-Rafaele-Ide-logo-1-1.png","contentUrl":"https:\/\/rafaeleide.com\/wp-content\/uploads\/2026\/02\/cropped-cropped-cropped-cropped-Rafaele-Ide-logo-1-1.png","width":511,"height":140,"caption":"Rafa\u00eble Ide"},"image":{"@id":"https:\/\/rafaeleide.com\/#\/schema\/logo\/image\/"}}]}},"_links":{"self":[{"href":"https:\/\/rafaeleide.com\/index.php\/wp-json\/wp\/v2\/pages\/1383","targetHints":{"allow":["GET"]}}],"collection":[{"href":"https:\/\/rafaeleide.com\/index.php\/wp-json\/wp\/v2\/pages"}],"about":[{"href":"https:\/\/rafaeleide.com\/index.php\/wp-json\/wp\/v2\/types\/page"}],"author":[{"embeddable":true,"href":"https:\/\/rafaeleide.com\/index.php\/wp-json\/wp\/v2\/users\/3"}],"replies":[{"embeddable":true,"href":"https:\/\/rafaeleide.com\/index.php\/wp-json\/wp\/v2\/comments?post=1383"}],"version-history":[{"count":19,"href":"https:\/\/rafaeleide.com\/index.php\/wp-json\/wp\/v2\/pages\/1383\/revisions"}],"predecessor-version":[{"id":1437,"href":"https:\/\/rafaeleide.com\/index.php\/wp-json\/wp\/v2\/pages\/1383\/revisions\/1437"}],"wp:attachment":[{"href":"https:\/\/rafaeleide.com\/index.php\/wp-json\/wp\/v2\/media?parent=1383"}],"curies":[{"name":"wp","href":"https:\/\/api.w.org\/{rel}","templated":true}]}}